{"id":799,"date":"2017-09-05T09:45:43","date_gmt":"2017-09-05T07:45:43","guid":{"rendered":"http:\/\/www.inpulse.tech\/?page_id=799\/"},"modified":"2018-11-06T14:33:45","modified_gmt":"2018-11-06T13:33:45","slug":"quienes-somos","status":"publish","type":"page","link":"https:\/\/www.inpulse.tech\/es\/quienes-somos\/","title":{"rendered":"Quienes somos"},"content":{"rendered":"<section class=\"wpb-content-wrapper\"><p>[vc_row full_width=\u00bbstretch_row\u00bb disable_element=\u00bbyes\u00bb css=\u00bb.vc_custom_1541511153318{background-color: #f8f8f8 !important;}\u00bb][vc_column width=\u00bb1\/3&#8243;][vc_single_image image=\u00bb95&#8243; img_size=\u00bb250&#215;107&#8243; onclick=\u00bbcustom_link\u00bb img_link_target=\u00bb_blank\u00bb link=\u00bbhttp:\/\/www.ama.it\/\u00bb][vc_column_text]AMA S.p.A proporciona soluciones para el sector agr\u00edcola, industrial, el sector de la construcci\u00f3n y del transporte de mercanc\u00edas. La empresa se distinge a nivel mundial por su capacidad de aprovechar y desarrollar los aportes resultantes de la uni\u00f3n entre la innovaci\u00f3n tecnol\u00f3gica, el know-how y el mercado.[\/vc_column_text][\/vc_column][vc_column width=\u00bb1\/3&#8243;][vc_single_image image=\u00bb96&#8243; img_size=\u00bb250&#215;107&#8243; onclick=\u00bbcustom_link\u00bb img_link_target=\u00bb_blank\u00bb link=\u00bbhttps:\/\/www.octotelematics.com\/\u00bb][vc_column_text]Octo es el primer proveedor global en cuanto al suministro de soluciones telem\u00e1ticas y de an\u00e1lisis de datos para el sector de seguridad de veh\u00edculos. Actualmente, Octo es la empresa de telem\u00e1tica de seguros m\u00e1s grande y especializada a nivel mundial, comprometida con la renovaci\u00f3n de los seguros de autom\u00f3viles gracias al an\u00e1lisis del comportamiento, del contexto y de la conducci\u00f3n para m\u00e1s de 60 aseguradoras.[\/vc_column_text][\/vc_column][vc_column width=\u00bb1\/3&#8243;][vc_single_image image=\u00bb97&#8243; img_size=\u00bb250&#215;107&#8243; onclick=\u00bbcustom_link\u00bb img_link_target=\u00bb_blank\u00bb link=\u00bbhttp:\/\/www.ste-industries.com\/\u00bb][vc_column_text]Ste Industries act\u00faa en el desarrollo, la planificaci\u00f3n y la realizaci\u00f3n de soluciones que permitan la recogida de datos de una amplia gama de objetos. Gracias a la tecnolog\u00eda Micro.Sp\u00ae, desarrollada y patentada internamente, se propone hoy como referencia en el sector de la recogida de datos relacionados con el creciente y cada vez m\u00e1s importante mundo del \u00abInternet de las cosas\u00bb.[\/vc_column_text][\/vc_column][\/vc_row]<\/p>\n<\/section>","protected":false},"excerpt":{"rendered":"<p>[vc_row full_width=\u00bbstretch_row\u00bb disable_element=\u00bbyes\u00bb css=\u00bb.vc_custom_1541511153318{background-color: #f8f8f8 !important;}\u00bb][vc_column width=\u00bb1\/3&#8243;][vc_single_image image=\u00bb95&#8243; img_size=\u00bb250&#215;107&#8243; onclick=\u00bbcustom_link\u00bb img_link_target=\u00bb_blank\u00bb link=\u00bbhttp:\/\/www.ama.it\/\u00bb][vc_column_text]AMA S.p.A proporciona soluciones para el sector agr\u00edcola, industrial, el sector de la construcci\u00f3n y<span class=\"excerpt-hellip\"> [\u2026]<\/span><\/p>\n","protected":false},"author":1,"featured_media":0,"parent":0,"menu_order":0,"comment_status":"open","ping_status":"open","template":"","meta":{"footnotes":""},"acf":[],"_links":{"self":[{"href":"https:\/\/www.inpulse.tech\/es\/wp-json\/wp\/v2\/pages\/799"}],"collection":[{"href":"https:\/\/www.inpulse.tech\/es\/wp-json\/wp\/v2\/pages"}],"about":[{"href":"https:\/\/www.inpulse.tech\/es\/wp-json\/wp\/v2\/types\/page"}],"author":[{"embeddable":true,"href":"https:\/\/www.inpulse.tech\/es\/wp-json\/wp\/v2\/users\/1"}],"replies":[{"embeddable":true,"href":"https:\/\/www.inpulse.tech\/es\/wp-json\/wp\/v2\/comments?post=799"}],"version-history":[{"count":4,"href":"https:\/\/www.inpulse.tech\/es\/wp-json\/wp\/v2\/pages\/799\/revisions"}],"predecessor-version":[{"id":1298,"href":"https:\/\/www.inpulse.tech\/es\/wp-json\/wp\/v2\/pages\/799\/revisions\/1298"}],"wp:attachment":[{"href":"https:\/\/www.inpulse.tech\/es\/wp-json\/wp\/v2\/media?parent=799"}],"curies":[{"name":"wp","href":"https:\/\/api.w.org\/{rel}","templated":true}]}}