{"id":806,"date":"2017-09-05T09:54:39","date_gmt":"2017-09-05T07:54:39","guid":{"rendered":"http:\/\/www.inpulse.tech\/?page_id=806\/"},"modified":"2018-11-05T17:10:49","modified_gmt":"2018-11-05T16:10:49","slug":"sistemas-seguimiento-campo","status":"publish","type":"page","link":"https:\/\/www.inpulse.tech\/es\/sistemas-seguimiento-campo\/","title":{"rendered":"Sistemas seguimiento campo"},"content":{"rendered":"<section class=\"wpb-content-wrapper\"><p>[vc_row][vc_column][vc_single_image image=\u00bb61&#8243; img_size=\u00bbfull\u00bb alignment=\u00bbcenter\u00bb css=\u00bb.vc_custom_1489746016405{margin-top: -50px !important;}\u00bb]<div class=\"fancy_heading fancy_heading_line\"><div class=\"fh-top\"><\/div><h2 class=\"title\">Gesti\u00f3n del campo y del terreno agr\u00edcola<\/h2><\/div>\n[vc_column_text]InPulse se compone de una compleja suite de sensores inteligentes que recopilan datos del campo, los transmiten a las centralitas y estas los env\u00edan inmediatamente v\u00eda m\u00f3dem al centro de datos de Octo Telematics para su an\u00e1lisis. Es posible acceder a la informaci\u00f3n elaborada por las centralitas a trav\u00e9s de la plataforma InPulse o a trav\u00e9s de los dispositivos de a bordo.<\/p>\n<p>InPulse permite gestionar los campos agr\u00edcolas a distancia, optimizando las prestaciones y eliminando el riesgo de da\u00f1os a los cultivos. Adem\u00e1s la plataforma proporciona sugerencias \u00fatiles sobre el riego y la fumigaci\u00f3n.<\/p>\n<p>Todo esto es posible gracias a instrumentos integrables como InStation e InGate, unidades de control aut\u00f3nomas (no necesitan conexi\u00f3n el\u00e9ctrica) dotadas de sensores que se instalan en el terreno para la recopilaci\u00f3n de signos vitales, y de sensores meteorol\u00f3gicos. Datos como la humedad del terreno, la temperatura del aire y la velocidad del viento que, sobre todo si se comunican a tiempo real, permiten una intervenci\u00f3n r\u00e1pida y eficaz. La interfaz, desarrollada para ofrecer una lectura inmediata y comprensible, permite que el usuario acceda a los detalles sobre la informaci\u00f3n recopilada, que seleccione los valores de los niveles y que gestione las alertas.[\/vc_column_text][\/vc_column][\/vc_row][vc_row][vc_column width=\u00bb1\/6&#8243;][\/vc_column][vc_column width=\u00bb1\/3&#8243;]<div class=\"sliding_box\"><a href=\"http:\/\/www.inpulse.tech\/es\/sistemas-seguimiento-campo\/instation\/\"  title=\"\"><div class=\"photo_wrapper\"><img loading=\"lazy\" decoding=\"async\" class=\"scale-with-grid\" src=\"https:\/\/www.inpulse.tech\/wp-content\/uploads\/2018\/11\/instation.jpg\" alt=\"instation\" width=\"400\" height=\"250\"\/><\/div><div class=\"desc_wrapper\"><h4 class=\"title\">InStation<\/h4><\/div><\/a><\/div>\n[vc_column_text css=\u00bb.vc_custom_1504597902616{margin-bottom: 10px !important;}\u00bb]Unidad principal utilizada para la medici\u00f3n de los datos del campo, independientemente de la recogida y el env\u00edo de los datos al portal. Geolocalizable.[\/vc_column_text][vc_empty_space height=\u00bb22px\u00bb css=\u00bb.vc_custom_1504598136088{margin-bottom: 0px !important;}\u00bb][vc_btn title=\u00bbDESCUBRE M\u00c1S\u00bb style=\u00bboutline\u00bb color=\u00bbsuccess\u00bb align=\u00bbcenter\u00bb link=\u00bburl:http%3A%2F%2Fwww.inpulse.tech%2Fes%2Fsistemas-seguimiento-campo%2Finstation%2F|||\u00bb][\/vc_column][vc_column width=\u00bb1\/3&#8243;]<div class=\"sliding_box\"><a href=\"http:\/\/www.inpulse.tech\/es\/sistemas-seguimiento-campo\/portal-in-field\/\"  title=\"\"><div class=\"photo_wrapper\"><img loading=\"lazy\" decoding=\"async\" class=\"scale-with-grid\" src=\"https:\/\/www.inpulse.tech\/wp-content\/uploads\/2017\/03\/infield2-1.jpg\" alt=\"infield2\" width=\"400\" height=\"250\"\/><\/div><div class=\"desc_wrapper\"><h4 class=\"title\">Portal InField<\/h4><\/div><\/a><\/div>\n[vc_column_text css=\u00bb.vc_custom_1504597927243{margin-bottom: 10px !important;}\u00bb]La aplicaci\u00f3n web r\u00e1pida e intuitiva, accesible desde un ordenador o tablet, siempre al alcance de la mano. Proporciona una visi\u00f3n completa del campo y de informaci\u00f3n m\u00e1s amplia sobre los indicadores de mayor importancia.[\/vc_column_text][vc_btn title=\u00bbDESCUBRE M\u00c1S\u00bb style=\u00bboutline\u00bb color=\u00bbsuccess\u00bb align=\u00bbcenter\u00bb link=\u00bburl:http%3A%2F%2Fwww.inpulse.tech%2Fes%2Fsistemas-seguimiento-campo%2Fportal-in-field%2F|||\u00bb][\/vc_column][vc_column width=\u00bb1\/6&#8243;][\/vc_column][\/vc_row][vc_row disable_element=\u00bbyes\u00bb][vc_column width=\u00bb1\/3&#8243;]<div class=\"sliding_box\"><a href=\"http:\/\/www.inpulse.tech\/es\/sistemas-seguimiento-campo\/instation\/\"  title=\"\"><div class=\"photo_wrapper\"><img loading=\"lazy\" decoding=\"async\" class=\"scale-with-grid\" src=\"https:\/\/www.inpulse.tech\/wp-content\/uploads\/2017\/03\/instation2-1.jpg\" alt=\"instation2\" width=\"400\" height=\"250\"\/><\/div><div class=\"desc_wrapper\"><h4 class=\"title\">InStation<\/h4><\/div><\/a><\/div>\n[vc_column_text css=\u00bb.vc_custom_1504597902616{margin-bottom: 10px !important;}\u00bb]Unidad principal utilizada para la medici\u00f3n de los datos del campo, independientemente de la recogida y el env\u00edo de los datos al portal. Geolocalizable.[\/vc_column_text][vc_empty_space height=\u00bb22px\u00bb css=\u00bb.vc_custom_1504598136088{margin-bottom: 0px !important;}\u00bb][vc_btn title=\u00bbDESCUBRE M\u00c1S\u00bb style=\u00bboutline\u00bb color=\u00bbsuccess\u00bb align=\u00bbcenter\u00bb link=\u00bburl:http%3A%2F%2Fwww.inpulse.tech%2Fes%2Fsistemas-seguimiento-campo%2Finstation%2F|||\u00bb][\/vc_column][vc_column width=\u00bb1\/3&#8243;]<div class=\"sliding_box\"><a href=\"http:\/\/www.inpulse.tech\/es\/sistemas-seguimiento-campo\/ingate\/\"  title=\"\"><div class=\"photo_wrapper\"><img loading=\"lazy\" decoding=\"async\" class=\"scale-with-grid\" src=\"https:\/\/www.inpulse.tech\/wp-content\/uploads\/2017\/03\/ingate2-1.jpg\" alt=\"ingate2\" width=\"400\" height=\"250\"\/><\/div><div class=\"desc_wrapper\"><h4 class=\"title\">InGate<\/h4><\/div><\/a><\/div>\n[vc_column_text css=\u00bb.vc_custom_1504597915475{margin-bottom: 10px !important;}\u00bb]Unidad suplementaria para extender la superficie de inter\u00e9s en la recogida de datos del campo. Recoge y env\u00eda los datos a la InStation instalada y asociada al mismo campo.[\/vc_column_text][vc_empty_space height=\u00bb22px\u00bb css=\u00bb.vc_custom_1504598142188{margin-bottom: 0px !important;}\u00bb][vc_btn title=\u00bbDESCUBRE M\u00c1S\u00bb style=\u00bboutline\u00bb color=\u00bbsuccess\u00bb align=\u00bbcenter\u00bb link=\u00bburl:http%3A%2F%2Fwww.inpulse.tech%2Fes%2Fsistemas-seguimiento-campo%2Fingate%2F|||\u00bb][\/vc_column][vc_column width=\u00bb1\/3&#8243;]<div class=\"sliding_box\"><a href=\"http:\/\/www.inpulse.tech\/es\/sistemas-seguimiento-campo\/portal-in-field\/\"  title=\"\"><div class=\"photo_wrapper\"><img loading=\"lazy\" decoding=\"async\" class=\"scale-with-grid\" src=\"https:\/\/www.inpulse.tech\/wp-content\/uploads\/2017\/03\/infield2-1.jpg\" alt=\"infield2\" width=\"400\" height=\"250\"\/><\/div><div class=\"desc_wrapper\"><h4 class=\"title\">Portal InField<\/h4><\/div><\/a><\/div>\n[vc_column_text css=\u00bb.vc_custom_1504597927243{margin-bottom: 10px !important;}\u00bb]La aplicaci\u00f3n web r\u00e1pida e intuitiva, accesible desde un ordenador o tablet, siempre al alcance de la mano. Proporciona una visi\u00f3n completa del campo y de informaci\u00f3n m\u00e1s amplia sobre los indicadores de mayor importancia.[\/vc_column_text][vc_btn title=\u00bbDESCUBRE M\u00c1S\u00bb style=\u00bboutline\u00bb color=\u00bbsuccess\u00bb align=\u00bbcenter\u00bb link=\u00bburl:http%3A%2F%2Fwww.inpulse.tech%2Fes%2Fsistemas-seguimiento-campo%2Fportal-in-field%2F|||\u00bb][\/vc_column][\/vc_row]<\/p>\n<\/section>","protected":false},"excerpt":{"rendered":"<p>[vc_row][vc_column][vc_single_image image=\u00bb61&#8243; img_size=\u00bbfull\u00bb alignment=\u00bbcenter\u00bb css=\u00bb.vc_custom_1489746016405{margin-top: -50px !important;}\u00bb][vc_column_text]InPulse se compone de una compleja suite de sensores inteligentes que recopilan datos del campo, los transmiten a las centralitas<span class=\"excerpt-hellip\"> [\u2026]<\/span><\/p>\n","protected":false},"author":1,"featured_media":0,"parent":0,"menu_order":0,"comment_status":"closed","ping_status":"closed","template":"","meta":{"footnotes":""},"acf":[],"_links":{"self":[{"href":"https:\/\/www.inpulse.tech\/es\/wp-json\/wp\/v2\/pages\/806"}],"collection":[{"href":"https:\/\/www.inpulse.tech\/es\/wp-json\/wp\/v2\/pages"}],"about":[{"href":"https:\/\/www.inpulse.tech\/es\/wp-json\/wp\/v2\/types\/page"}],"author":[{"embeddable":true,"href":"https:\/\/www.inpulse.tech\/es\/wp-json\/wp\/v2\/users\/1"}],"replies":[{"embeddable":true,"href":"https:\/\/www.inpulse.tech\/es\/wp-json\/wp\/v2\/comments?post=806"}],"version-history":[{"count":5,"href":"https:\/\/www.inpulse.tech\/es\/wp-json\/wp\/v2\/pages\/806\/revisions"}],"predecessor-version":[{"id":1274,"href":"https:\/\/www.inpulse.tech\/es\/wp-json\/wp\/v2\/pages\/806\/revisions\/1274"}],"wp:attachment":[{"href":"https:\/\/www.inpulse.tech\/es\/wp-json\/wp\/v2\/media?parent=806"}],"curies":[{"name":"wp","href":"https:\/\/api.w.org\/{rel}","templated":true}]}}