{"id":810,"date":"2017-09-05T10:01:08","date_gmt":"2017-09-05T08:01:08","guid":{"rendered":"http:\/\/www.inpulse.tech\/?page_id=810\/"},"modified":"2018-11-05T17:19:44","modified_gmt":"2018-11-05T16:19:44","slug":"instation","status":"publish","type":"page","link":"https:\/\/www.inpulse.tech\/es\/sistemas-seguimiento-campo\/instation\/","title":{"rendered":"InStation"},"content":{"rendered":"<section class=\"wpb-content-wrapper\"><p>[vc_row][vc_column width=\u00bb1\/2&#8243;][vc_single_image image=\u00bb1228&#8243; img_size=\u00bbfull\u00bb css=\u00bb.vc_custom_1541434404542{margin-bottom: 0px !important;}\u00bb][\/vc_column][vc_column width=\u00bb1\/2&#8243;][vc_column_text css=\u00bb.vc_custom_1504598447707{margin-bottom: 10px !important;}\u00bb]<strong>InStation<\/strong><br \/>\n<strong>Unidad principal utilizada para la medici\u00f3n de datos del campo.<\/strong><br \/>\nIndependiente de la recogida y el env\u00edo de los datos a la plataforma. Dispositivo geolocalizable.<\/p>\n<p>Incluye una centralita completamente aut\u00f3noma que lee todos los datos provenientes de los sensores conectados y otros provenientes del dispositivo InGate, que transmite dichos datos al dispositivo InStation por conexi\u00f3n radio de 169MHz.<br \/>\nLos datos son enviados a la nube a trav\u00e9s del modem GSM integrado.<br \/>\nDisponible con bater\u00eda alcalina de larga duraci\u00f3n.<br \/>\nEquipado con GPS para la autolocalizaci\u00f3n y de un sistema Bluetooth para la conexi\u00f3n local con smartphone y tablet.<br \/>\nInStation incluye 1 a\u00f1o de suscripci\u00f3n gratis al portal cliente. InStation es una soluci\u00f3n modular a la que se pueden aplicar distintos tipos de sensores, disponibles en dos kits:<br \/>\n<strong>Agri Sensors Set<\/strong>: incluye sensor de humedad de la hoja, sensor de temperatura y de humedad del terreno (3 niveles).<br \/>\n<strong>Meteo Sensors Set<\/strong>: incluye anem\u00f3metro, sensor de radiaci\u00f3n solar, sensor de temperatura del aire y pluvi\u00f3metro.[\/vc_column_text][vc_btn title=\u00bbInStation Solo 1.0&#8243; style=\u00bboutline\u00bb color=\u00bbsuccess\u00bb link=\u00bburl:http%3A%2F%2Fwww.inpulse.tech%2Fes%2Fsistemas-seguimiento-campo%2Finstation%2Finstation-solo-1-0%2F|||\u00bb][\/vc_column][\/vc_row][vc_row disable_element=\u00bbyes\u00bb][vc_column][vc_btn title=\u00bbInStation Tower 1.0&#8243; style=\u00bboutline\u00bb color=\u00bbsuccess\u00bb link=\u00bburl:http%3A%2F%2Fwww.inpulse.tech%2Fsistemi-monitoraggio-campo%2Fin-station%2Finstation-tower-1-0%2F|||\u00bb][vc_btn title=\u00bbCONFIGURA TU SISTEMA\u00bb style=\u00bbflat\u00bb color=\u00bbsuccess\u00bb link=\u00bburl:http%3A%2F%2Fwww.inpulse.tech%2Fama_inpulse_product%2Finstation-solo%2F|title:Configura%20il%20tuo%20InStation||\u00bb][\/vc_column][\/vc_row]<\/p>\n<\/section>","protected":false},"excerpt":{"rendered":"<p>[vc_row][vc_column width=\u00bb1\/2&#8243;][vc_single_image image=\u00bb1228&#8243; img_size=\u00bbfull\u00bb css=\u00bb.vc_custom_1541434404542{margin-bottom: 0px !important;}\u00bb][\/vc_column][vc_column width=\u00bb1\/2&#8243;][vc_column_text css=\u00bb.vc_custom_1504598447707{margin-bottom: 10px !important;}\u00bb]InStation Unidad principal utilizada para la medici\u00f3n de datos del campo. Independiente de la recogida y<span class=\"excerpt-hellip\"> [\u2026]<\/span><\/p>\n","protected":false},"author":1,"featured_media":0,"parent":806,"menu_order":0,"comment_status":"closed","ping_status":"closed","template":"","meta":{"footnotes":""},"acf":[],"_links":{"self":[{"href":"https:\/\/www.inpulse.tech\/es\/wp-json\/wp\/v2\/pages\/810"}],"collection":[{"href":"https:\/\/www.inpulse.tech\/es\/wp-json\/wp\/v2\/pages"}],"about":[{"href":"https:\/\/www.inpulse.tech\/es\/wp-json\/wp\/v2\/types\/page"}],"author":[{"embeddable":true,"href":"https:\/\/www.inpulse.tech\/es\/wp-json\/wp\/v2\/users\/1"}],"replies":[{"embeddable":true,"href":"https:\/\/www.inpulse.tech\/es\/wp-json\/wp\/v2\/comments?post=810"}],"version-history":[{"count":5,"href":"https:\/\/www.inpulse.tech\/es\/wp-json\/wp\/v2\/pages\/810\/revisions"}],"predecessor-version":[{"id":1278,"href":"https:\/\/www.inpulse.tech\/es\/wp-json\/wp\/v2\/pages\/810\/revisions\/1278"}],"up":[{"embeddable":true,"href":"https:\/\/www.inpulse.tech\/es\/wp-json\/wp\/v2\/pages\/806"}],"wp:attachment":[{"href":"https:\/\/www.inpulse.tech\/es\/wp-json\/wp\/v2\/media?parent=810"}],"curies":[{"name":"wp","href":"https:\/\/api.w.org\/{rel}","templated":true}]}}