{"id":812,"date":"2017-09-05T10:03:14","date_gmt":"2017-09-05T08:03:14","guid":{"rendered":"http:\/\/www.inpulse.tech\/?page_id=812\/"},"modified":"2017-09-05T10:03:14","modified_gmt":"2017-09-05T08:03:14","slug":"ingate","status":"publish","type":"page","link":"https:\/\/www.inpulse.tech\/es\/sistemas-seguimiento-campo\/ingate\/","title":{"rendered":"InGate"},"content":{"rendered":"<section class=\"wpb-content-wrapper\"><p>[vc_row][vc_column width=\u00bb1\/2&#8243;][vc_single_image image=\u00bb749&#8243; img_size=\u00bbfull\u00bb css=\u00bb.vc_custom_1501059059640{margin-bottom: 0px !important;}\u00bb][\/vc_column][vc_column width=\u00bb1\/2&#8243;][vc_column_text css=\u00bb.vc_custom_1504598573226{margin-bottom: 10px !important;}\u00bb]<strong>InGate<\/strong><br \/>\n<strong>Unidad suplementaria utilizada para extender la superficie de inter\u00e9s para la recogida de datos del campo.<\/strong><br \/>\nInGate es una unidad de soporte del dispositivo InStation. Recopila y env\u00eda los datos relativos a los sensores conectados a la InStation instalada y asociada al mismo campo. Por \u00faltimo los datos se transmiten desde la InStation a la plataforma InField para su lectura.<br \/>\nIncluye una centralita que lee todos los datos provenientes de los sensores conectados y los env\u00eda a una InStation a trav\u00e9s de un transmisor inal\u00e1nbrico de 169 mhz.<\/p>\n<p>Disponible con bater\u00eda alcalina de larga duraci\u00f3n.<br \/>\nEquipado con sistema Bluetooth para conexi\u00f3n local con smartphone y tablet.<\/p>\n<p>El <strong>Agri Sensors Set<\/strong> incluye un sensor de humedad de la hoja, sensor de temperatura y de humedad del terreno.[\/vc_column_text][vc_btn title=\u00bbInGate 1.0&#8243; style=\u00bboutline\u00bb color=\u00bbsuccess\u00bb link=\u00bburl:http%3A%2F%2Fwww.inpulse.tech%2Fsistemi-monitoraggio-campo%2Fin-gate%2Fingate-1-0%2F|||\u00bb][vc_btn title=\u00bbCONFIGURA TU SISTEMA\u00bb style=\u00bbflat\u00bb color=\u00bbsuccess\u00bb link=\u00bburl:http%3A%2F%2Fwww.inpulse.tech%2Fama_inpulse_product%2Fingate-1-0%2F|title:Configura%20il%20tuo%20InGate||\u00bb][\/vc_column][\/vc_row]<\/p>\n<\/section>","protected":false},"excerpt":{"rendered":"<p>[vc_row][vc_column width=\u00bb1\/2&#8243;][vc_single_image image=\u00bb749&#8243; img_size=\u00bbfull\u00bb css=\u00bb.vc_custom_1501059059640{margin-bottom: 0px !important;}\u00bb][\/vc_column][vc_column width=\u00bb1\/2&#8243;][vc_column_text css=\u00bb.vc_custom_1504598573226{margin-bottom: 10px !important;}\u00bb]InGate Unidad suplementaria utilizada para extender la superficie de inter\u00e9s para la recogida de datos del<span class=\"excerpt-hellip\"> [\u2026]<\/span><\/p>\n","protected":false},"author":1,"featured_media":0,"parent":806,"menu_order":0,"comment_status":"closed","ping_status":"closed","template":"","meta":{"footnotes":""},"acf":[],"_links":{"self":[{"href":"https:\/\/www.inpulse.tech\/es\/wp-json\/wp\/v2\/pages\/812"}],"collection":[{"href":"https:\/\/www.inpulse.tech\/es\/wp-json\/wp\/v2\/pages"}],"about":[{"href":"https:\/\/www.inpulse.tech\/es\/wp-json\/wp\/v2\/types\/page"}],"author":[{"embeddable":true,"href":"https:\/\/www.inpulse.tech\/es\/wp-json\/wp\/v2\/users\/1"}],"replies":[{"embeddable":true,"href":"https:\/\/www.inpulse.tech\/es\/wp-json\/wp\/v2\/comments?post=812"}],"version-history":[{"count":1,"href":"https:\/\/www.inpulse.tech\/es\/wp-json\/wp\/v2\/pages\/812\/revisions"}],"predecessor-version":[{"id":813,"href":"https:\/\/www.inpulse.tech\/es\/wp-json\/wp\/v2\/pages\/812\/revisions\/813"}],"up":[{"embeddable":true,"href":"https:\/\/www.inpulse.tech\/es\/wp-json\/wp\/v2\/pages\/806"}],"wp:attachment":[{"href":"https:\/\/www.inpulse.tech\/es\/wp-json\/wp\/v2\/media?parent=812"}],"curies":[{"name":"wp","href":"https:\/\/api.w.org\/{rel}","templated":true}]}}