{"id":814,"date":"2017-09-05T10:19:47","date_gmt":"2017-09-05T08:19:47","guid":{"rendered":"http:\/\/www.inpulse.tech\/?page_id=814\/"},"modified":"2019-07-23T10:59:12","modified_gmt":"2019-07-23T08:59:12","slug":"portal-in-field","status":"publish","type":"page","link":"https:\/\/www.inpulse.tech\/es\/sistemas-seguimiento-campo\/portal-in-field\/","title":{"rendered":"Portal In.Field"},"content":{"rendered":"<section class=\"wpb-content-wrapper\"><p>[vc_row css=\u00bb.vc_custom_1493720796799{padding-top: 15px !important;}\u00bb][vc_column][vc_column_text]<\/p>\n<h6 style=\"text-align: center;\">La aplicaci\u00f3n web intuitiva, flexible y r\u00e1pida, accesible desde un ordenador o tablet, siempre al alcance de la mano y f\u00e1cilmente configurable.<\/h6>\n<h6 style=\"text-align: center;\">Proporciona una visi\u00f3n completa del campo y de la informaci\u00f3n detallada de los indicadores m\u00e1s importantes.<\/h6>\n<p>[\/vc_column_text][\/vc_column][\/vc_row][vc_row 0=\u00bb\u00bb][vc_column 0=\u00bb\u00bb][vc_single_image image=\u00bb3387&#8243; img_size=\u00bbfull\u00bb alignment=\u00bbcenter\u00bb style=\u00bbvc_box_shadow\u00bb onclick=\u00bblink_image\u00bb css=\u00bb.vc_custom_1563800570994{margin-bottom: 20px !important;padding-bottom: 0px !important;}\u00bb][vc_btn title=\u00bbLOGIN\u00bb style=\u00bboutline-custom\u00bb outline_custom_color=\u00bb#37ac50&#8243; outline_custom_hover_background=\u00bb#37ac50&#8243; outline_custom_hover_text=\u00bb#ffffff\u00bb size=\u00bblg\u00bb align=\u00bbcenter\u00bb i_icon_fontawesome=\u00bbfa fa-sign-in\u00bb add_icon=\u00bbtrue\u00bb link=\u00bburl:http%3A%2F%2Flogin.inpulse.tech||target:%20_blank|\u00bb][\/vc_column][\/vc_row][vc_row full_width=\u00bbstretch_row\u00bb css=\u00bb.vc_custom_1491821172926{background-color: #f7f7f7 !important;}\u00bb][vc_column width=\u00bb1\/2&#8243;][vc_column_text css=\u00bb.vc_custom_1504598705954{padding-top: 50px !important;}\u00bb]<\/p>\n<h3>F\u00e1cil configuraci\u00f3n de campos y granjas<\/h3>\n<p>Campos y granjas faciles de dise\u00f1ar, incluso con formas irregulares.<\/p>\n<p>Es posible asignar un cultivo a cada campo indicado la fecha de siembra, trasplante, floraci\u00f3n, inicio de la recolecci\u00f3n y otros datos concretos.<\/p>\n<p>Ubicaci\u00f3n de las estaciones de medici\u00f3n InStation e InGate en los campos de forma intuitiva.[\/vc_column_text][\/vc_column][vc_column width=\u00bb1\/2&#8243;][vc_images_carousel images=\u00bb3417,3420&#8243; img_size=\u00bbfull\u00bb hide_pagination_control=\u00bbyes\u00bb wrap=\u00bbyes\u00bb][\/vc_column][\/vc_row][vc_row full_width=\u00bbstretch_row\u00bb][vc_column width=\u00bb1\/2&#8243;][vc_single_image image=\u00bb3393&#8243; img_size=\u00bbfull\u00bb style=\u00bbvc_box_shadow\u00bb onclick=\u00bblink_image\u00bb css=\u00bb.vc_custom_1563800594833{margin-bottom: 0px !important;}\u00bb][\/vc_column][vc_column width=\u00bb1\/2&#8243;][vc_column_text css=\u00bb.vc_custom_1504598819018{padding-top: 50px !important;}\u00bb]<\/p>\n<h3>Informe sobre los sensores<br \/>\ndel campo y las mediciones recogidas<\/h3>\n<ul>\n<li><strong>RESUMEN DE LOS DATOS<\/strong> en una \u00fanica pantalla personalizable.<br \/>\nVisualizaci\u00f3n completa de la posici\u00f3n de las InStation y de las InGate en el campo.<br \/>\nPantalla con todos los sensores activos y detalles de las mediciones recogidas.<\/li>\n<li><strong>MONITORIZACI\u00d3N<\/strong> continua del estado de los cultivos.<br \/>\nActualizaci\u00f3n constante de los datos y visualizaci\u00f3n hist\u00f3rica.<\/li>\n<li><strong>PLANIFICACI\u00d3N EFICAZ<\/strong> degli interventi in campo<br \/>\nValori di alert in base ai dati raccolti (se configurati)<\/li>\n<\/ul>\n<p><strong>Miles de formas de ver los datos recogidos:<\/strong><br \/>\nPosibilidad de visualizar y analizar los datos recogidos en el informe recapitulativo, f\u00e1cilmente consultables y a trav\u00e9s de graficos representativos.<br \/>\nMicrosoft excel\u00ae para su reelaboraci\u00f3n o simplemente para visualizarlo.[\/vc_column_text][\/vc_column][\/vc_row][vc_row full_width=\u00bbstretch_row\u00bb css=\u00bb.vc_custom_1491821172926{background-color: #f7f7f7 !important;}\u00bb][vc_column width=\u00bb1\/2&#8243;][vc_column_text css=\u00bb.vc_custom_1504598838908{padding-top: 50px !important;}\u00bb]<\/p>\n<h3>Mapas y Geolocalizaci\u00f3n<\/h3>\n<p>Mapas de los terrenos agr\u00edcolas, campos, cultivos, estructuras y la ubicaci\u00f3n de las estaciones de seguimiento. El usuario puede tener una visi\u00f3n completa de la propiedad y de la zona colindante.<br \/>\nEl sistema se basa en la vista satelite, permitiendo ver cada parte del planeta hasta identificar los propios terrenos.[\/vc_column_text][\/vc_column][vc_column width=\u00bb1\/2&#8243;][vc_single_image image=\u00bb3390&#8243; img_size=\u00bbfull\u00bb style=\u00bbvc_box_shadow\u00bb onclick=\u00bblink_image\u00bb css=\u00bb.vc_custom_1563800613967{margin-bottom: 20px !important;padding-top: 20px !important;}\u00bb][\/vc_column][\/vc_row][vc_row full_width=\u00bbstretch_row\u00bb][vc_column width=\u00bb1\/2&#8243;][vc_single_image image=\u00bb3423&#8243; img_size=\u00bbfull\u00bb style=\u00bbvc_box_shadow\u00bb onclick=\u00bblink_image\u00bb css=\u00bb.vc_custom_1563872161983{margin-bottom: 20px !important;padding-top: 20px !important;}\u00bb][\/vc_column][vc_column width=\u00bb1\/2&#8243;][vc_column_text css=\u00bb.vc_custom_1504598882109{padding-top: 50px !important;}\u00bb]<\/p>\n<h3>Alerta Parametrizable<\/h3>\n<p>Alertas automaticas programadas con un algoritmo que proporcionan consejos sobre la fumigaci\u00f3n y el riego (servicio Smart y Personal).<br \/>\nAlertas programadas manualmente por el usuario a trav\u00e9s de parametros ad hoc (servicio Basic).<br \/>\nEl usuario puede recibir notificaciones via sms, email o a trav\u00e9s del portal cuando se alcancen los niveles l\u00edmite.<\/p>\n<ul>\n<li>Rebasamiento de los l\u00edmites predeterminados manualmente<\/li>\n<li>Fallo o alteraci\u00f3n de las estaciones de seguridad<\/li>\n<\/ul>\n<p>[\/vc_column_text][\/vc_column][\/vc_row][vc_row full_width=\u00bbstretch_row\u00bb css=\u00bb.vc_custom_1491821172926{background-color: #f7f7f7 !important;}\u00bb][vc_column width=\u00bb1\/2&#8243;][vc_column_text css=\u00bb.vc_custom_1504598940406{padding-top: 50px !important;}\u00bb]<\/p>\n<h3>Cuaderno de campo electr\u00f3nico<\/h3>\n<p>En la plataforma InFIeld esta disponible un Cuaderno de campo electronico en el que registrar todas las actividades efectuadas en el campo.<\/p>\n<p>El Cuaderno de campo con las medidas de los sensores permite a los algoritmos trabajar de forma \u00f3ptima en los consejos de riego y fumigaci\u00f3n.<\/p>\n<p>Posibilidad de registrar la informaci\u00f3n de riego y fumigaci\u00f3n efectuados (tipo de riego, fecha, agua aportada, turnos, etc.), preparando todas las impresiones correpondientes y cargar los documentos necesarios para introducir las medidas agroambientales:<\/p>\n<ul>\n<li>Tipolog\u00eda terreno y cultivos<\/li>\n<li>Superficie<\/li>\n<li>Actividades agromec\u00e1nicas<\/li>\n<li>Tratamiento<\/li>\n<li>Productos utilizados<\/li>\n<li>Cantidad utilizada<\/li>\n<li>Superficie tratada<\/li>\n<li>Dificultades<\/li>\n<li>Fases fenol\u00f3gicas<\/li>\n<li>Otros<\/li>\n<\/ul>\n<p>[\/vc_column_text][\/vc_column][vc_column width=\u00bb1\/2&#8243;][vc_single_image image=\u00bb3426&#8243; img_size=\u00bbfull\u00bb style=\u00bbvc_box_shadow\u00bb onclick=\u00bblink_image\u00bb css=\u00bb.vc_custom_1563872175357{margin-bottom: 20px !important;padding-top: 20px !important;}\u00bb][vc_single_image image=\u00bb3429&#8243; img_size=\u00bbfull\u00bb style=\u00bbvc_box_shadow\u00bb onclick=\u00bblink_image\u00bb css=\u00bb.vc_custom_1563872184054{margin-bottom: 20px !important;padding-top: 20px !important;}\u00bb][\/vc_column][\/vc_row][vc_row full_width=\u00bbstretch_row\u00bb][vc_column width=\u00bb1\/2&#8243;][vc_single_image image=\u00bb3413&#8243; img_size=\u00bbfull\u00bb style=\u00bbvc_box_shadow\u00bb onclick=\u00bblink_image\u00bb css=\u00bb.vc_custom_1563872206081{margin-bottom: 20px !important;padding-top: 20px !important;}\u00bb][\/vc_column][vc_column width=\u00bb1\/2&#8243;][vc_column_text css=\u00bb.vc_custom_1504598968261{padding-top: 50px !important;}\u00bb]<\/p>\n<h3>Asesoramiento personalizado y especialista<\/h3>\n<p>Un grupo de agr\u00f3nomos de gran experiencia a disposici\u00f3n del cliente, para garantizar los mejores resultados agron\u00f3micos y para responder a las exigencias m\u00e1s complejas.<\/p>\n<p>Servicio chat de lunes a viernes desde las 9:00 hasta las 12:00 (disponible con la f\u00f3rmula Personal).[\/vc_column_text][\/vc_column][\/vc_row][vc_row css=\u00bb.vc_custom_1563872315237{margin-top: 40px !important;}\u00bb][vc_column]<div class=\"fancy_heading fancy_heading_line\"><div class=\"fh-top\"><\/div><h2 class=\"title\">Suscripciones<\/h2><\/div>\n[\/vc_column][\/vc_row][vc_row][vc_column width=\u00bb1\/3&#8243;]<div class=\"pricing-box  pricing-box-box\"><div class=\"plan-header\"><div class=\"image\"><img loading=\"lazy\" decoding=\"async\" class=\"scale-with-grid\" src=\"https:\/\/www.inpulse.tech\/wp-content\/uploads\/2017\/04\/basic1.png\" alt=\"basic1\" width=\"260\" height=\"60\"\/><\/div><\/div><div class=\"plan-inside\"><span class=\"pi-content\">El usuario visualiza los datos b\u00e1sicos y configura manualmente las alertas.<\/p>\n<p>Incluye:<\/p>\n<ul>\n<li>Registro y configuraci\u00f3n campos y estructuras<\/li>\n<li>Cuaderno de campo<\/li>\n<li>Alerta parametrizable<\/li>\n<li>Geolocalizaci\u00f3n sensores y estaciones de seguridad instaladas<\/li>\n<li>Vista satelite y mapas de los campos y cultivos<\/li>\n<li>Control monitorizado a distancia<\/li>\n<li>Visi\u00f3n general datos basicos registrados<\/li>\n<li>Gr\u00e1ficos e informes recapitulativos<\/li>\n<\/ul>\n<ul style=\"margin-top: 270px;\">\n<li><span style=\"color: #37ac50; font-size: 45px; line-height: 45px;\">Gratis<\/span><br \/>\ndurante el primer a\u00f1o<\/li>\n<li>N. Max In.Station admitidas: 1<\/li>\n<li>N. Max In.Gate admitidas: 99<\/li>\n<\/ul>\n<p><\/span><\/div><div class=\"plan-footer\"><a href=\"#\" class=\"button button_theme \"  title=\"SUSCRIBIRSE\"><span class=\"button_label\">SUSCRIBIRSE<\/span><\/a><\/div><\/div>\n[\/vc_column][vc_column width=\u00bb1\/3&#8243;]<div class=\"pricing-box  pricing-box-box\"><div class=\"plan-header\"><div class=\"image\"><img loading=\"lazy\" decoding=\"async\" class=\"scale-with-grid\" src=\"https:\/\/www.inpulse.tech\/wp-content\/uploads\/2017\/04\/smart1.png\" alt=\"smart1\" width=\"260\" height=\"60\"\/><\/div><\/div><div class=\"plan-inside\"><span class=\"pi-content\">El usuario recibe consejos sobre el riego y la fumigaci\u00f3n para la prevenci\u00f3n y la gestion de la propiedad, creados por un algoritmo.<\/p>\n<p>Incluye:<\/p>\n<ul>\n<li>Registro y configuraci\u00f3n campos y estructuras<\/li>\n<li>Cuaderno de campo<\/li>\n<li>Alertas autom\u00e1ticas del sistema<\/li>\n<li>Geolocalizaci\u00f3n sensores y estaciones de seguridad instaladas<\/li>\n<li>Vista satelite y mapas de los campos y cultivos<\/li>\n<li>Control monitorizado a distancia<\/li>\n<li>Visi\u00f3n general datos b\u00e1sicos registrados<\/li>\n<li>Gr\u00e1ficos e informes recapitulativos<\/li>\n<li>Consejos para la prevenci\u00f3n sugeridos por un algoritmo<\/li>\n<li>Planificaci\u00f3n de las intervenciones en el campo<\/li>\n<li>Descarga informe en formato Microsoft excel<\/li>\n<\/ul>\n<ul style=\"margin-top: 80px;\">\n<li><span style=\"color: #37ac50; font-size: 45px; line-height: 45px;\">199<sub>\u20ac<\/sub> <\/span><\/li>\n<li>N. Max In.Station admitidas: 1<\/li>\n<li>N. Max In.Gate admitidas: 99<\/li>\n<\/ul>\n<p><\/span><\/div><div class=\"plan-footer\"><a href=\"#\" class=\"button button_theme \"  title=\"SUSCRIBIRSE\"><span class=\"button_label\">SUSCRIBIRSE<\/span><\/a><\/div><\/div>\n[\/vc_column][vc_column width=\u00bb1\/3&#8243;]<div class=\"pricing-box  pricing-box-box\"><div class=\"plan-header\"><div class=\"image\"><img loading=\"lazy\" decoding=\"async\" class=\"scale-with-grid\" src=\"https:\/\/www.inpulse.tech\/wp-content\/uploads\/2017\/04\/personal1.png\" alt=\"personal1\" width=\"260\" height=\"60\"\/><\/div><\/div><div class=\"plan-inside\"><span class=\"pi-content\">An\u00e1lisis y asesoramiento personalizado por agr\u00f3nomo en base a los datos registrados.<br \/>\n<em>Disponible solo en Italia.<\/em><\/p>\n<p>Incluye:<\/p>\n<ul>\n<li>Registro y configuraci\u00f3n campos y estructuras<\/li>\n<li>Cuaderno de campo<\/li>\n<li>Alertas automaticas del sistema<\/li>\n<li>Geolocalizaci\u00f3n sensores y estaciones de seguridad instaladas<\/li>\n<li>Vista sat\u00e9lite y mapas de los campos y cultivos<\/li>\n<li>Control monitorizado a distancia<\/li>\n<li>Visi\u00f3n general datos b\u00e1sicos registrados<\/li>\n<li>Gr\u00e1ficos e informes recapitulativos<\/li>\n<li>Consejos para la prevenci\u00f3n sugeridos por un algoritmo<\/li>\n<li>Planificaci\u00f3n de las intervenciones en el campo<\/li>\n<li>Descarga informe en formato Microsoft excel<\/li>\n<li>Asesoramiento personalizado por agr\u00f3nomo a trav\u00e9s del servicio chat (lunes \u2013 viernes de 9:00 a 12:00)<\/li>\n<\/ul>\n<ul>\n<li><span style=\"color: #37ac50; font-size: 45px; line-height: 45px;\">499<sub>\u20ac<\/sub> <\/span><\/li>\n<li>N. Max In.Station admitidas: 1<\/li>\n<li>N. Max In.Gate admitidas: 99<\/li>\n<\/ul>\n<p><\/span><\/div><div class=\"plan-footer\"><a href=\"#\" class=\"button button_theme \"  title=\"SUSCRIBIRSE\"><span class=\"button_label\">SUSCRIBIRSE<\/span><\/a><\/div><\/div>\n[\/vc_column][\/vc_row]<\/p>\n<\/section>","protected":false},"excerpt":{"rendered":"<p>[vc_row css=\u00bb.vc_custom_1493720796799{padding-top: 15px !important;}\u00bb][vc_column][vc_column_text] La aplicaci\u00f3n web intuitiva, flexible y r\u00e1pida, accesible desde un ordenador o tablet, siempre al alcance de la mano y f\u00e1cilmente configurable.<span class=\"excerpt-hellip\"> [\u2026]<\/span><\/p>\n","protected":false},"author":1,"featured_media":0,"parent":806,"menu_order":0,"comment_status":"closed","ping_status":"closed","template":"","meta":{"footnotes":""},"acf":[],"_links":{"self":[{"href":"https:\/\/www.inpulse.tech\/es\/wp-json\/wp\/v2\/pages\/814"}],"collection":[{"href":"https:\/\/www.inpulse.tech\/es\/wp-json\/wp\/v2\/pages"}],"about":[{"href":"https:\/\/www.inpulse.tech\/es\/wp-json\/wp\/v2\/types\/page"}],"author":[{"embeddable":true,"href":"https:\/\/www.inpulse.tech\/es\/wp-json\/wp\/v2\/users\/1"}],"replies":[{"embeddable":true,"href":"https:\/\/www.inpulse.tech\/es\/wp-json\/wp\/v2\/comments?post=814"}],"version-history":[{"count":5,"href":"https:\/\/www.inpulse.tech\/es\/wp-json\/wp\/v2\/pages\/814\/revisions"}],"predecessor-version":[{"id":3435,"href":"https:\/\/www.inpulse.tech\/es\/wp-json\/wp\/v2\/pages\/814\/revisions\/3435"}],"up":[{"embeddable":true,"href":"https:\/\/www.inpulse.tech\/es\/wp-json\/wp\/v2\/pages\/806"}],"wp:attachment":[{"href":"https:\/\/www.inpulse.tech\/es\/wp-json\/wp\/v2\/media?parent=814"}],"curies":[{"name":"wp","href":"https:\/\/api.w.org\/{rel}","templated":true}]}}