{"id":819,"date":"2017-09-05T10:28:33","date_gmt":"2017-09-05T08:28:33","guid":{"rendered":"http:\/\/www.inpulse.tech\/?page_id=819\/"},"modified":"2018-11-08T12:17:41","modified_gmt":"2018-11-08T11:17:41","slug":"sistemi-seguimiento-granja","status":"publish","type":"page","link":"https:\/\/www.inpulse.tech\/es\/sistemi-seguimiento-granja\/","title":{"rendered":"Sistemi seguimiento granja"},"content":{"rendered":"<section class=\"wpb-content-wrapper\"><p>[vc_row][vc_column][vc_single_image image=\u00bb61&#8243; img_size=\u00bbfull\u00bb alignment=\u00bbcenter\u00bb css=\u00bb.vc_custom_1489746016405{margin-top: -50px !important;}\u00bb]<div class=\"fancy_heading fancy_heading_line\"><div class=\"fh-top\"><\/div><h2 class=\"title\">Seguimiento monitorizado de la granja<\/h2><\/div>\n[vc_column_text]La granja se vuelve inteligente. Se esta produciendo una innovaci\u00f3n \u00abverde\u00bb de la agricultura, en la que las smart farm son las protagonistas: granjas eficientes, innovadoras, dinamicas y eco-friendly.<\/p>\n<p>A trav\u00e9s de tecnolog\u00edas que incluyen servicios GPS, sensores, big data y una plataforma con algoritmos e instrumentos inform\u00e1ticos sofisticados, InPulse ofrece un sistema de seguimiento monitorizado focalizado en el diagn\u00f3stico de las condiciones de las estructuras y las instalaciones de la granja.<\/p>\n<p>Con estos datos, InPulse ayuda al agricultor a aumentar la seguridad de sus estructuras (bodegas, graneros, refugios para animales, silos, viviendas e invernaderos) y a crear un valor anadido a su actividad agricola, coleccionando datos detallados que se convierten en un importante patrimonio para el granjero y para el que trabaja en el sector agr\u00edcola-ganadero y alimenticio.<\/p>\n<p>Ofrece nuevas oportunidades de beneficio y ahorro a corto plazo y contribuye a una agricultura sostenible.<\/p>\n<p>La plataforma InFarm permite controlar constantemente la granja y detectar datos como el humo, una inundaci\u00f3n, la temperatura y la humedad del aire, la temperatura de los l\u00edquidos y los cortes el\u00e9ctricos provenientes de las bodegas, graneros, establos, silos, viviendas e invernaderos. [\/vc_column_text][\/vc_column][\/vc_row][vc_row disable_element=\u00bbyes\u00bb][vc_column width=\u00bb1\/4&#8243;]<div class=\"sliding_box\"><a href=\"http:\/\/www.inpulse.tech\/agricoltura\/in-station\/\"  title=\"\"><div class=\"photo_wrapper\"><img loading=\"lazy\" decoding=\"async\" class=\"scale-with-grid\" src=\"https:\/\/www.inpulse.tech\/wp-content\/uploads\/2017\/03\/instation.jpg\" alt=\"instation\" width=\"300\" height=\"220\"\/><\/div><div class=\"desc_wrapper\"><h4 class=\"title\">In.Station<\/h4><\/div><\/a><\/div>\n[vc_column_text css=\u00bb.vc_custom_1490439853274{margin-bottom: 10px !important;}\u00bb]Unit\u00e0 principale utilizzata per la misurazione dei dati in campo e indipendente nella raccolta e invio dei dati al portale. Geolocalizzabile.[\/vc_column_text][vc_empty_space height=\u00bb40px\u00bb css=\u00bb.vc_custom_1494582646591{margin-bottom: 0px !important;}\u00bb][vc_btn title=\u00bbSCOPRI DI PI\u00d9\u00bb style=\u00bboutline\u00bb color=\u00bbsuccess\u00bb align=\u00bbcenter\u00bb link=\u00bburl:http%3A%2F%2Fwww.inpulse.tech%2Fagricoltura%2Fin-station%2F|||\u00bb][\/vc_column][vc_column width=\u00bb1\/4&#8243;]<div class=\"sliding_box\"><a href=\"http:\/\/www.inpulse.tech\/agricoltura\/in-gate\/\"  title=\"\"><div class=\"photo_wrapper\"><img loading=\"lazy\" decoding=\"async\" class=\"scale-with-grid\" src=\"https:\/\/www.inpulse.tech\/wp-content\/uploads\/2017\/03\/ingate.jpg\" alt=\"ingate\" width=\"300\" height=\"220\"\/><\/div><div class=\"desc_wrapper\"><h4 class=\"title\">In.Gate<\/h4><\/div><\/a><\/div>\n[vc_column_text css=\u00bb.vc_custom_1490439857165{margin-bottom: 10px !important;}\u00bb]Unit\u00e0 supplementare per estendere l\u2019area di interesse per la raccolta dei dati sul campo. Raccoglie e invia i dati alla In.Station installata e associata sullo stesso campo.[\/vc_column_text][vc_empty_space height=\u00bb20px\u00bb css=\u00bb.vc_custom_1490439784229{margin-bottom: 0px !important;}\u00bb][vc_btn title=\u00bbSCOPRI DI PI\u00d9\u00bb style=\u00bboutline\u00bb color=\u00bbsuccess\u00bb align=\u00bbcenter\u00bb link=\u00bburl:http%3A%2F%2Fwww.inpulse.tech%2Fagricoltura%2Fin-gate%2F|||\u00bb][\/vc_column][vc_column width=\u00bb1\/4&#8243;]<div class=\"sliding_box\"><a href=\"#\"  title=\"\"><div class=\"photo_wrapper\"><img loading=\"lazy\" decoding=\"async\" class=\"scale-with-grid\" src=\"https:\/\/www.inpulse.tech\/wp-content\/uploads\/2017\/03\/ago.jpg\" alt=\"ago\" width=\"300\" height=\"220\"\/><\/div><div class=\"desc_wrapper\"><h4 class=\"title\">Inpule AGO<\/h4><\/div><\/a><\/div>\n[vc_column_text css=\u00bb.vc_custom_1490439860871{margin-bottom: 10px !important;}\u00bb]Centralina completamente autonoma che legge i dati dai sensori cablati e li trasmette al cloud attraverso il modem GMS integrato.[\/vc_column_text][vc_empty_space height=\u00bb40px\u00bb css=\u00bb.vc_custom_1494582646591{margin-bottom: 0px !important;}\u00bb][vc_btn title=\u00bbSCOPRI DI PI\u00d9\u00bb style=\u00bboutline\u00bb color=\u00bbsuccess\u00bb align=\u00bbcenter\u00bb link=\u00bburl:%23|||\u00bb][\/vc_column][vc_column width=\u00bb1\/4&#8243;]<div class=\"sliding_box\"><a href=\"http:\/\/www.inpulse.tech\/agricoltura\/portale-in-field\/\"  title=\"\"><div class=\"photo_wrapper\"><img loading=\"lazy\" decoding=\"async\" class=\"scale-with-grid\" src=\"https:\/\/www.inpulse.tech\/wp-content\/uploads\/2017\/03\/infield.jpg\" alt=\"infield\" width=\"300\" height=\"220\"\/><\/div><div class=\"desc_wrapper\"><h4 class=\"title\">Portale InField<\/h4><\/div><\/a><\/div>\n[vc_column_text css=\u00bb.vc_custom_1494582585077{margin-bottom: 10px !important;}\u00bb]L\u2019applicazione web intuitiva e veloce accessibile da computer e tablet, sempre a portata di mano. Fornisce una visione completa del campo e approfondimenti completi sugli indicatori pi\u00f9 importanti. [\/vc_column_text][vc_btn title=\u00bbSCOPRI DI PI\u00d9\u00bb style=\u00bboutline\u00bb color=\u00bbsuccess\u00bb align=\u00bbcenter\u00bb link=\u00bburl:http%3A%2F%2Fwww.inpulse.tech%2Fagricoltura%2Fportale-in-field%2F|||\u00bb][\/vc_column][\/vc_row][vc_row][vc_column width=\u00bb1\/6&#8243; css=\u00bb.vc_custom_1497520660787{padding-right: 5px !important;padding-left: 5px !important;}\u00bb]<div class=\"sliding_box\"><a href=\"#\"  title=\"\"><div class=\"photo_wrapper\"><img loading=\"lazy\" decoding=\"async\" class=\"scale-with-grid\" src=\"https:\/\/www.inpulse.tech\/wp-content\/uploads\/2018\/11\/cantina-bn.jpg\" alt=\"cantina-bn\" width=\"250\" height=\"160\"\/><\/div><div class=\"desc_wrapper\"><h4 class=\"title\">Bodega<\/h4><\/div><\/a><\/div>\n[\/vc_column][vc_column width=\u00bb1\/6&#8243; css=\u00bb.vc_custom_1541435197280{padding-right: 5px !important;padding-left: 5px !important;}\u00bb el_class=\u00bbfienile\u00bb]<div class=\"sliding_box\"><a href=\"http:\/\/www.inpulse.tech\/es\/prodotto\/ago-1-0\/\"  title=\"\"><div class=\"photo_wrapper\"><img loading=\"lazy\" decoding=\"async\" class=\"scale-with-grid\" src=\"https:\/\/www.inpulse.tech\/wp-content\/uploads\/2017\/06\/fienile-1.jpg\" alt=\"fienile\" width=\"250\" height=\"160\"\/><\/div><div class=\"desc_wrapper\"><h4 class=\"title\">Granero<\/h4><\/div><\/a><\/div>\n[\/vc_column][vc_column width=\u00bb1\/6&#8243; css=\u00bb.vc_custom_1497520692591{padding-right: 5px !important;padding-left: 5px !important;}\u00bb]<div class=\"sliding_box\"><a href=\"#\"  title=\"\"><div class=\"photo_wrapper\"><img loading=\"lazy\" decoding=\"async\" class=\"scale-with-grid\" src=\"https:\/\/www.inpulse.tech\/wp-content\/uploads\/2018\/11\/ricovero-animali-bn.jpg\" alt=\"ricovero-animali-bn\" width=\"250\" height=\"160\"\/><\/div><div class=\"desc_wrapper\"><h4 class=\"title\">Refugio para animales<\/h4><\/div><\/a><\/div>\n[\/vc_column][vc_column width=\u00bb1\/6&#8243; css=\u00bb.vc_custom_1497520700139{padding-right: 5px !important;padding-left: 5px !important;}\u00bb]<div class=\"sliding_box\"><a href=\"#\"  title=\"\"><div class=\"photo_wrapper\"><img loading=\"lazy\" decoding=\"async\" class=\"scale-with-grid\" src=\"https:\/\/www.inpulse.tech\/wp-content\/uploads\/2018\/11\/silos-bn.jpg\" alt=\"silos-bn\" width=\"250\" height=\"160\"\/><\/div><div class=\"desc_wrapper\"><h4 class=\"title\">Silo<\/h4><\/div><\/a><\/div>\n[\/vc_column][vc_column width=\u00bb1\/6&#8243; css=\u00bb.vc_custom_1497520704459{padding-right: 5px !important;padding-left: 5px !important;}\u00bb]<div class=\"sliding_box\"><a href=\"#\"  title=\"\"><div class=\"photo_wrapper\"><img loading=\"lazy\" decoding=\"async\" class=\"scale-with-grid\" src=\"https:\/\/www.inpulse.tech\/wp-content\/uploads\/2018\/11\/abitazione-bn.jpg\" alt=\"abitazione-bn\" width=\"250\" height=\"160\"\/><\/div><div class=\"desc_wrapper\"><h4 class=\"title\">Vivienda<\/h4><\/div><\/a><\/div>\n[\/vc_column][vc_column width=\u00bb1\/6&#8243; css=\u00bb.vc_custom_1497520709623{padding-right: 5px !important;padding-left: 5px !important;}\u00bb]<div class=\"sliding_box\"><a href=\"#\"  title=\"\"><div class=\"photo_wrapper\"><img loading=\"lazy\" decoding=\"async\" class=\"scale-with-grid\" src=\"https:\/\/www.inpulse.tech\/wp-content\/uploads\/2018\/11\/serra-bn.jpg\" alt=\"serra-bn\" width=\"250\" height=\"160\"\/><\/div><div class=\"desc_wrapper\"><h4 class=\"title\">Invernadero<\/h4><\/div><\/a><\/div>\n[\/vc_column][\/vc_row][vc_row css=\u00bb.vc_custom_1497520719266{margin-top: 30px !important;}\u00bb][vc_column width=\u00bb1\/3&#8243;][vc_single_image image=\u00bb281&#8243; img_size=\u00bbfull\u00bb alignment=\u00bbcenter\u00bb onclick=\u00bbcustom_link\u00bb img_link_target=\u00bb_blank\u00bb link=\u00bbhttp:\/\/service.inpulse.tech\/dashboard_ago\/eima\/index.php\u00bb][\/vc_column][vc_column width=\u00bb2\/3&#8243;][vc_column_text css=\u00bb.vc_custom_1541675807903{padding-top: 20px !important;}\u00bb]<\/p>\n<h3 style=\"color: #37ac50;\"><a href=\"http:\/\/service.inpulse.tech\/dashboard_ago\/eima\/index.php\" target=\"_blank\" rel=\"noopener\">Portal InFarm<\/a><\/h3>\n<p>La aplicaci\u00f3n web intuitiva, flexible y r\u00e1pida, accesible desde un ordenador o tablet, siempre al alcance de la mano y f\u00e1cilmente configurable.[\/vc_column_text][\/vc_column][\/vc_row]<\/p>\n<\/section>","protected":false},"excerpt":{"rendered":"<p>[vc_row][vc_column][vc_single_image image=\u00bb61&#8243; img_size=\u00bbfull\u00bb alignment=\u00bbcenter\u00bb css=\u00bb.vc_custom_1489746016405{margin-top: -50px !important;}\u00bb][vc_column_text]La granja se vuelve inteligente. Se esta produciendo una innovaci\u00f3n \u00abverde\u00bb de la agricultura, en la que las smart farm<span class=\"excerpt-hellip\"> [\u2026]<\/span><\/p>\n","protected":false},"author":1,"featured_media":0,"parent":0,"menu_order":0,"comment_status":"closed","ping_status":"closed","template":"","meta":{"footnotes":""},"acf":[],"_links":{"self":[{"href":"https:\/\/www.inpulse.tech\/es\/wp-json\/wp\/v2\/pages\/819"}],"collection":[{"href":"https:\/\/www.inpulse.tech\/es\/wp-json\/wp\/v2\/pages"}],"about":[{"href":"https:\/\/www.inpulse.tech\/es\/wp-json\/wp\/v2\/types\/page"}],"author":[{"embeddable":true,"href":"https:\/\/www.inpulse.tech\/es\/wp-json\/wp\/v2\/users\/1"}],"replies":[{"embeddable":true,"href":"https:\/\/www.inpulse.tech\/es\/wp-json\/wp\/v2\/comments?post=819"}],"version-history":[{"count":5,"href":"https:\/\/www.inpulse.tech\/es\/wp-json\/wp\/v2\/pages\/819\/revisions"}],"predecessor-version":[{"id":1333,"href":"https:\/\/www.inpulse.tech\/es\/wp-json\/wp\/v2\/pages\/819\/revisions\/1333"}],"wp:attachment":[{"href":"https:\/\/www.inpulse.tech\/es\/wp-json\/wp\/v2\/media?parent=819"}],"curies":[{"name":"wp","href":"https:\/\/api.w.org\/{rel}","templated":true}]}}