{"id":823,"date":"2017-09-05T11:22:23","date_gmt":"2017-09-05T09:22:23","guid":{"rendered":"http:\/\/www.inpulse.tech\/?page_id=823\/"},"modified":"2019-03-04T11:53:00","modified_gmt":"2019-03-04T10:53:00","slug":"vehiculo-oem","status":"publish","type":"page","link":"https:\/\/www.inpulse.tech\/es\/vehiculo-oem\/","title":{"rendered":"Veh\u00ecculo OEM"},"content":{"rendered":"<section class=\"wpb-content-wrapper\"><p>[vc_row][vc_column][vc_single_image image=\u00bb61&#8243; img_size=\u00bbfull\u00bb alignment=\u00bbcenter\u00bb css=\u00bb.vc_custom_1489746016405{margin-top: -50px !important;}\u00bb]<div class=\"fancy_heading fancy_heading_line\"><div class=\"fh-top\"><\/div><h2 class=\"title\">Gesti\u00f3n de m\u00e1quinas para el movimiento de tierras y veh\u00edculos log\u00edsticos<\/h2><\/div>\n[vc_column_text]InPulse representa una plataforma ideal y completa para la gesti\u00f3n de vehiculos fuera de carretera, en particular m\u00e1quinas para el movimiento de tierra y para log\u00edstica. Estudiada para ser instalada en veh\u00edculos OEM y para adaptaciones de modernizacion, InPulse se dirige al mundo de los grandes constructores de veh\u00edculos lentos con el objetivo de mejorar los est\u00e1ndares cualitativos y el desarrollo de la inovaci\u00f3n tecnol\u00f3gica a trav\u00e9s de la integraci\u00f3n de procesos.<br \/>\nInPulse ofrece una soluci\u00f3n modular adapt\u00e1ndose a cada caso y ofreciendo la m\u00e1xima flexibilidad.<\/p>\n<h5>Gesti\u00f3n a distancia de los veh\u00edculos<\/h5>\n<p>InPulse recopila y gestiona una elevada cantidad de datos, que le permiten tomar decisiones de forma consecuente y segura. El uso de la telem\u00e1tica de los veh\u00edculos fuera de carretera act\u00faa como una soluci\u00f3n lista para su uso con el fin de mejorar los costes totales de propiedad, en concreto en sectores como el de la miner\u00eda, el de las instalaciones industriales, el de la construci\u00f3n y el de la maquinaria agr\u00edcola, ya sea propia o de alquiler.<\/p>\n<h5>An\u00e1lisis cr\u00edtico de datos<\/h5>\n<p>Permite una recopilaci\u00f3n puntual de los datos disponibles, un an\u00e1lisis detallado y una respuesta inmediata gracias a una soluci\u00f3n de hardware integrada con una suite de sensores. El hardware de InPulse es el resultado de la colaboraci\u00f3n entre AMA, Octo Telematics, l\u00edder mundial en servicios telem\u00e1ticos para compa\u00f1\u00edas de seguros y fabricantes de autom\u00f3viles, y Ste Industries, el especialista en soluciones inal\u00e1nbricas.<\/p>\n<h5>Tecnolog\u00eda inal\u00e1nbrica \u00fanica y revolucionaria<\/h5>\n<p>InPulse integra y env\u00eda al Data Center de Octo Telematics la informaci\u00f3n recogidas por m\u00faltiples sensores, ya sean inal\u00e1mbricos o con cable. El procesador Kernel Module de Octo Telematics, patentado e integrado de forma nativa en el interior de las box, analiza la informaci\u00f3n telem\u00e1tica y la pone a disposici\u00f3n de los asociados (OEM, gestores de flotas, empresas aseguradoras) para el desarrollo de an\u00e1lisis detallados.<\/p>\n<h5>La soluci\u00f3n ideal para las nuevas exigencias de la industria<\/h5>\n<p>Los veh\u00edculos fuera de carretera requieren dispositivos que sean capaces de salvar las distancias entre la conectividad local y remota entre las infraestructuras. La extensa red de sensores y centralitas inteligentes proporcionados por InPulse ofrece ventajas claras respecto a los sistemas convencionales en cuanto a registro, intercambio y protecci\u00f3n de datos.<br \/>\nLa soluci\u00f3n aumenta de forma significativa los datos y los an\u00e1lisis a disposici\u00f3n de usuarios, propietarios de flotas de veh\u00edculos, OEM y compa\u00f1\u00edas de seguros. Permite una mayor seguridad y reducci\u00f3n de costes de gesti\u00f3n en un sector que requiere mayor eficiencia, versatilidad y fiabilidad.[\/vc_column_text][\/vc_column][\/vc_row][vc_row][vc_column width=\u00bb1\/6&#8243;][\/vc_column][vc_column width=\u00bb1\/3&#8243;]<div class=\"sliding_box\"><a href=\"http:\/\/www.inpulse.tech\/es\/vehiculo-oem\/box\/\"  title=\"\"><div class=\"photo_wrapper\"><img loading=\"lazy\" decoding=\"async\" class=\"scale-with-grid\" src=\"https:\/\/www.inpulse.tech\/wp-content\/uploads\/2018\/11\/Box-inVehicle1.jpg\" alt=\"Box-inVehicle1\" width=\"400\" height=\"300\"\/><\/div><div class=\"desc_wrapper\"><h4 class=\"title\">Box<\/h4><\/div><\/a><\/div>\n[vc_column_text css=\u00bb.vc_custom_1504601002348{margin-bottom: 10px !important;}\u00bb]La unidad de control que lee y elabora los datos de los sensores inal\u00e1mbricos y por cable, capaz de conectarse al BUS-CAN del veh\u00edculo sobre el que est\u00e1 instalada y a la nube por la red m\u00f3vil con el m\u00f3dem integrado.[\/vc_column_text][vc_btn title=\u00bbDESCUBRE M\u00c1S\u00bb style=\u00bboutline\u00bb color=\u00bbsuccess\u00bb align=\u00bbcenter\u00bb link=\u00bburl:http%3A%2F%2Fwww.inpulse.tech%2Fes%2Fvehiculo-oem%2Fbox%2F|||\u00bb][\/vc_column][vc_column width=\u00bb1\/3&#8243;]<div class=\"sliding_box\"><a href=\"http:\/\/www.inpulse.tech\/es\/vehiculo-oem\/portale-in-vehicle\/\"  title=\"\"><div class=\"photo_wrapper\"><img loading=\"lazy\" decoding=\"async\" class=\"scale-with-grid\" src=\"https:\/\/www.inpulse.tech\/wp-content\/uploads\/2017\/03\/invehicle.jpg\" alt=\"invehicle\" width=\"400\" height=\"300\"\/><\/div><div class=\"desc_wrapper\"><h4 class=\"title\">Portal In.Vehicle<\/h4><\/div><\/a><\/div>\n[vc_column_text css=\u00bb.vc_custom_1504601019979{margin-bottom: 10px !important;}\u00bb]La aplicaci\u00f3n web intuitiva, flexible y r\u00e1pida, accesible desde un ordenador o tablet, siempre al alcance de la mano y f\u00e1cilmente configurable.[\/vc_column_text][vc_empty_space height=\u00bb40px\u00bb css=\u00bb.vc_custom_1490440198875{margin-bottom: 0px !important;}\u00bb][vc_btn title=\u00bbDESCUBRE M\u00c1S\u00bb style=\u00bboutline\u00bb color=\u00bbsuccess\u00bb align=\u00bbcenter\u00bb link=\u00bburl:http%3A%2F%2Fwww.inpulse.tech%2Fes%2Fvehiculo-oem%2Fportale-in-vehicle%2F|||\u00bb][\/vc_column][vc_column width=\u00bb1\/6&#8243;][\/vc_column][\/vc_row][vc_row disable_element=\u00bbyes\u00bb][vc_column width=\u00bb1\/3&#8243;]<div class=\"sliding_box\"><a href=\"http:\/\/www.inpulse.tech\/es\/vehiculo-oem\/box\/\"  title=\"\"><div class=\"photo_wrapper\"><img loading=\"lazy\" decoding=\"async\" class=\"scale-with-grid\" src=\"https:\/\/www.inpulse.tech\/wp-content\/uploads\/2017\/03\/greenbox.jpg\" alt=\"greenbox\" width=\"400\" height=\"300\"\/><\/div><div class=\"desc_wrapper\"><h4 class=\"title\">Box<\/h4><\/div><\/a><\/div>\n[vc_column_text css=\u00bb.vc_custom_1504601002348{margin-bottom: 10px !important;}\u00bb]La unidad de control que lee y elabora los datos de los sensores inal\u00e1mbricos y por cable, capaz de conectarse al BUS-CAN del veh\u00edculo sobre el que est\u00e1 instalada y a la nube por la red m\u00f3vil con el m\u00f3dem integrado.[\/vc_column_text][vc_btn title=\u00bbDESCUBRE M\u00c1S\u00bb style=\u00bboutline\u00bb color=\u00bbsuccess\u00bb align=\u00bbcenter\u00bb link=\u00bburl:http%3A%2F%2Fwww.inpulse.tech%2Fes%2Fvehiculo-oem%2Fbox%2F|||\u00bb][\/vc_column][vc_column width=\u00bb1\/3&#8243;]<div class=\"sliding_box\"><a href=\"http:\/\/www.inpulse.tech\/es\/vehiculo-oem\/sensori\/\"  title=\"\"><div class=\"photo_wrapper\"><img loading=\"lazy\" decoding=\"async\" class=\"scale-with-grid\" src=\"https:\/\/www.inpulse.tech\/wp-content\/uploads\/2017\/03\/seed-tmps.jpg\" alt=\"seed-tmps\" width=\"400\" height=\"300\"\/><\/div><div class=\"desc_wrapper\"><h4 class=\"title\">Sensori<\/h4><\/div><\/a><\/div>\n[vc_column_text css=\u00bb.vc_custom_1504601012464{margin-bottom: 10px !important;}\u00bb]Los sensores InPulse para el veh\u00edculo.<br \/>\nInstalados sobre el veh\u00edculo, permiten la recopilaci\u00f3n de informaci\u00f3n y de datos \u00fatiles.[\/vc_column_text][vc_empty_space height=\u00bb40px\u00bb css=\u00bb.vc_custom_1490440198875{margin-bottom: 0px !important;}\u00bb][vc_btn title=\u00bbDESCUBRE M\u00c1S\u00bb style=\u00bboutline\u00bb color=\u00bbsuccess\u00bb align=\u00bbcenter\u00bb link=\u00bburl:http%3A%2F%2Fwww.inpulse.tech%2Fes%2Fvehiculo-oem%2Fsensori%2F|||\u00bb][\/vc_column][vc_column width=\u00bb1\/3&#8243;]<div class=\"sliding_box\"><a href=\"http:\/\/www.inpulse.tech\/es\/vehiculo-oem\/portale-in-vehicle\/\"  title=\"\"><div class=\"photo_wrapper\"><img loading=\"lazy\" decoding=\"async\" class=\"scale-with-grid\" src=\"https:\/\/www.inpulse.tech\/wp-content\/uploads\/2017\/03\/invehicle.jpg\" alt=\"invehicle\" width=\"400\" height=\"300\"\/><\/div><div class=\"desc_wrapper\"><h4 class=\"title\">Portal In.Vehicle<\/h4><\/div><\/a><\/div>\n[vc_column_text css=\u00bb.vc_custom_1504601019979{margin-bottom: 10px !important;}\u00bb]La aplicaci\u00f3n web intuitiva, flexible y r\u00e1pida, accesible desde un ordenador o tablet, siempre al alcance de la mano y f\u00e1cilmente configurable.[\/vc_column_text][vc_empty_space height=\u00bb40px\u00bb css=\u00bb.vc_custom_1490440198875{margin-bottom: 0px !important;}\u00bb][vc_btn title=\u00bbDESCUBRE M\u00c1S\u00bb style=\u00bboutline\u00bb color=\u00bbsuccess\u00bb align=\u00bbcenter\u00bb link=\u00bburl:http%3A%2F%2Fwww.inpulse.tech%2Fes%2Fvehiculo-oem%2Fportale-in-vehicle%2F|||\u00bb][\/vc_column][\/vc_row]<\/p>\n<\/section>","protected":false},"excerpt":{"rendered":"<p>[vc_row][vc_column][vc_single_image image=\u00bb61&#8243; img_size=\u00bbfull\u00bb alignment=\u00bbcenter\u00bb css=\u00bb.vc_custom_1489746016405{margin-top: -50px !important;}\u00bb][vc_column_text]InPulse representa una plataforma ideal y completa para la gesti\u00f3n de vehiculos fuera de carretera, en particular m\u00e1quinas para el<span class=\"excerpt-hellip\"> [\u2026]<\/span><\/p>\n","protected":false},"author":1,"featured_media":0,"parent":0,"menu_order":0,"comment_status":"closed","ping_status":"closed","template":"","meta":{"footnotes":""},"acf":[],"_links":{"self":[{"href":"https:\/\/www.inpulse.tech\/es\/wp-json\/wp\/v2\/pages\/823"}],"collection":[{"href":"https:\/\/www.inpulse.tech\/es\/wp-json\/wp\/v2\/pages"}],"about":[{"href":"https:\/\/www.inpulse.tech\/es\/wp-json\/wp\/v2\/types\/page"}],"author":[{"embeddable":true,"href":"https:\/\/www.inpulse.tech\/es\/wp-json\/wp\/v2\/users\/1"}],"replies":[{"embeddable":true,"href":"https:\/\/www.inpulse.tech\/es\/wp-json\/wp\/v2\/comments?post=823"}],"version-history":[{"count":5,"href":"https:\/\/www.inpulse.tech\/es\/wp-json\/wp\/v2\/pages\/823\/revisions"}],"predecessor-version":[{"id":1340,"href":"https:\/\/www.inpulse.tech\/es\/wp-json\/wp\/v2\/pages\/823\/revisions\/1340"}],"wp:attachment":[{"href":"https:\/\/www.inpulse.tech\/es\/wp-json\/wp\/v2\/media?parent=823"}],"curies":[{"name":"wp","href":"https:\/\/api.w.org\/{rel}","templated":true}]}}