{"id":834,"date":"2017-09-05T17:49:49","date_gmt":"2017-09-05T15:49:49","guid":{"rendered":"http:\/\/www.inpulse.tech\/?page_id=834\/"},"modified":"2019-03-05T15:40:54","modified_gmt":"2019-03-05T14:40:54","slug":"portale-in-vehicle","status":"publish","type":"page","link":"https:\/\/www.inpulse.tech\/es\/vehiculo-oem\/portale-in-vehicle\/","title":{"rendered":"Portale In.Vehicle"},"content":{"rendered":"<section class=\"wpb-content-wrapper\"><p>[vc_row 0=\u00bb\u00bb][vc_column 0=\u00bb\u00bb][vc_single_image image=\u00bb1815&#8243; img_size=\u00bbfull\u00bb css=\u00bb.vc_custom_1551796407392{margin-bottom: 0px !important;}\u00bb][vc_btn title=\u00bbLOGIN\u00bb style=\u00bboutline-custom\u00bb outline_custom_color=\u00bb#37ac50&#8243; outline_custom_hover_background=\u00bb#37ac50&#8243; outline_custom_hover_text=\u00bb#ffffff\u00bb size=\u00bblg\u00bb align=\u00bbcenter\u00bb i_icon_fontawesome=\u00bbfa fa-sign-in\u00bb add_icon=\u00bbtrue\u00bb link=\u00bburl:http%3A%2F%2Flogin.inpulse.tech%2F||target:%20_blank|\u00bb][\/vc_column][\/vc_row][vc_row css=\u00bb.vc_custom_1493720796799{padding-top: 15px !important;}\u00bb][vc_column][vc_column_text]<\/p>\n<h6 style=\"text-align: center;\">La aplicaci\u00f3n web intuitiva, flexible y r\u00e1pida, accesible desde un ordenador o tablet, siempre al alcance de la mano y f\u00e1cilmente configurable.<br \/>\nProporciona una visi\u00f3n completa de los activos empresariales (veh\u00edculos y \u00fatiles) y una mayor informaci\u00f3n sobre los indicadores m\u00e1s importantes: la funci\u00f3n de geofencing para controlar puntos y \u00e1reas de inter\u00e9s, mapas para una visi\u00f3n completa de la ubicaci\u00f3n de las centralitas (veh\u00edculos), lugares (obras y zonas en alquiler) y Assets (combinaci\u00f3n entre centralitas y lugares), y la ubicaci\u00f3n en tiempo real del veh\u00edculo, gr\u00e1ficos que permiten que el gestor de la flota visualice todos los datos recopilados y guardados, como las horas de utilizaci\u00f3n y los kil\u00f3metros recorridos.<\/h6>\n<p>[\/vc_column_text][\/vc_column][\/vc_row][vc_row full_width=\u00bbstretch_row\u00bb css=\u00bb.vc_custom_1491821172926{background-color: #f7f7f7 !important;}\u00bb][vc_column width=\u00bb1\/2&#8243;][vc_column_text css=\u00bb.vc_custom_1504626560459{padding-top: 50px !important;}\u00bb]<\/p>\n<h3>Tres tipos de datos que gestionar<\/h3>\n<p>El usuario gestiona tres macrocategor\u00edas de datos a trav\u00e9s de men\u00fas interactivos:<\/p>\n<ul>\n<li><strong>Box<\/strong> para la gesti\u00f3n de todas las centralitas instaladas<\/li>\n<li><strong>Place<\/strong> para la localizaci\u00f3n de los activos empresariales (asociaci\u00f3n lugares-Box)<\/li>\n<li><strong>Asset<\/strong> para la gesti\u00f3n de los activos empresariales (veh\u00edculos \u2013 Box \u2013 sensores)<\/li>\n<\/ul>\n<p>[\/vc_column_text][\/vc_column][vc_column width=\u00bb1\/2&#8243;][vc_single_image image=\u00bb348&#8243; img_size=\u00bbfull\u00bb css=\u00bb.vc_custom_1493729421620{margin-bottom: 0px !important;}\u00bb][\/vc_column][\/vc_row][vc_row full_width=\u00bbstretch_row\u00bb][vc_column width=\u00bb1\/2&#8243;][vc_single_image image=\u00bb347&#8243; img_size=\u00bbfull\u00bb css=\u00bb.vc_custom_1493729437355{margin-bottom: 0px !important;}\u00bb][\/vc_column][vc_column width=\u00bb1\/2&#8243;][vc_column_text css=\u00bb.vc_custom_1504626584794{padding-top: 50px !important;}\u00bb]<\/p>\n<h3>Configuraci\u00f3n simple y flexible de Box y sensores<\/h3>\n<p>Configuraci\u00f3n, con posibilidad de personalizaci\u00f3n, de los activos empresariales (Box, Place, veh\u00edculos), de los conductores y de la reagrupaci\u00f3n de los mismos, que se puede usar tambi\u00e9n como filtro en la presentaci\u00f3n de informes y en la visualizaci\u00f3n de la plataforma.<br \/>\nGesti\u00f3n de las flotas de veh\u00edculos, de sus respectivos usuarios y de su visualizaci\u00f3n.<br \/>\nM\u00e1xima flexibilidad en la configuraci\u00f3n de las Box y los sensores y en su vinculaci\u00f3n con los veh\u00edculos.<br \/>\nPosibilidad de trasladar las Box y los sensores da un veh\u00edculo a otro.[\/vc_column_text][\/vc_column][\/vc_row][vc_row full_width=\u00bbstretch_row\u00bb css=\u00bb.vc_custom_1491821172926{background-color: #f7f7f7 !important;}\u00bb][vc_column width=\u00bb1\/2&#8243;][vc_column_text css=\u00bb.vc_custom_1504626687732{padding-top: 50px !important;}\u00bb]<\/p>\n<h3>Informaci\u00f3n detallada de la Box y de las mediciones recogidas por los sensores<\/h3>\n<ul>\n<li>Identificaci\u00f3n del conductor<\/li>\n<li>Seguimiento de la historia del veh\u00edculo en profundidad seleccionable para viaje, duraci\u00f3n del recorrido, marcha\/stop, veh\u00edculo encendido\/apagado agrupado por horas, d\u00edas, meses y conductor.<\/li>\n<li>Seguimiento del consumo de combustible<\/li>\n<li>Geofencing y permanencia del veh\u00edculo dentro del \u00e1rea.<\/li>\n<li>Inclinaci\u00f3n del veh\u00edculo durante el uso<\/li>\n<\/ul>\n<p>[\/vc_column_text][\/vc_column][vc_column width=\u00bb1\/2&#8243;][vc_single_image image=\u00bb343&#8243; img_size=\u00bbfull\u00bb css=\u00bb.vc_custom_1493729449069{margin-bottom: 0px !important;padding-top: 50px !important;}\u00bb][\/vc_column][\/vc_row][vc_row full_width=\u00bbstretch_row\u00bb][vc_column width=\u00bb1\/2&#8243;][vc_single_image image=\u00bb345&#8243; img_size=\u00bbfull\u00bb css=\u00bb.vc_custom_1493729458070{margin-bottom: 0px !important;}\u00bb][\/vc_column][vc_column width=\u00bb1\/2&#8243;][vc_column_text css=\u00bb.vc_custom_1504626711773{padding-top: 50px !important;}\u00bb]<\/p>\n<h3>Gr\u00e1ficos<\/h3>\n<p>Posibilidad de seleccionar el per\u00edodo de observaci\u00f3n.<br \/>\nGr\u00e1ficos de las mediciones recopiladas.[\/vc_column_text][\/vc_column][\/vc_row][vc_row full_width=\u00bbstretch_row\u00bb css=\u00bb.vc_custom_1491821172926{background-color: #f7f7f7 !important;}\u00bb][vc_column width=\u00bb1\/2&#8243;][vc_column_text css=\u00bb.vc_custom_1504626731271{padding-top: 50px !important;}\u00bb]<\/p>\n<h3>Mapas<\/h3>\n<p>Localizaci\u00f3n y uso de los veh\u00edculos con posibilidad de activar seguimiento en tiempo real.<br \/>\nVisualizaci\u00f3n hist\u00f3rica del veh\u00edculo.<br \/>\nVer en detalle el elemento seleccionado.[\/vc_column_text][\/vc_column][vc_column width=\u00bb1\/2&#8243;][vc_single_image image=\u00bb346&#8243; img_size=\u00bbfull\u00bb css=\u00bb.vc_custom_1493729466373{margin-bottom: 0px !important;}\u00bb][\/vc_column][\/vc_row][vc_row full_width=\u00bbstretch_row\u00bb][vc_column width=\u00bb1\/2&#8243;][vc_single_image image=\u00bb344&#8243; img_size=\u00bbfull\u00bb css=\u00bb.vc_custom_1493729477609{margin-bottom: 0px !important;}\u00bb][\/vc_column][vc_column width=\u00bb1\/2&#8243;][vc_column_text css=\u00bb.vc_custom_1504626768160{padding-top: 50px !important;}\u00bb]<\/p>\n<h3>Alerta parametrizable<\/h3>\n<p>El usuario puede configurar en cada sensor los par\u00e1metros de alerta y recibir informaci\u00f3n por sms, email o a trav\u00e9s del portal, a\u00f1adiendo unos niveles l\u00edmite.<\/p>\n<ul>\n<li>Consumo anormal de combustible<\/li>\n<li>Geofencing (acceso\/salida)<\/li>\n<li>L\u00edmites de manutenci\u00f3n del veh\u00edculo<\/li>\n<li>Identificaci\u00f3n de basculaci\u00f3n del veh\u00edculo<\/li>\n<\/ul>\n<p>[\/vc_column_text][\/vc_column][\/vc_row][vc_row disable_element=\u00bbyes\u00bb][vc_column]<div class=\"fancy_heading fancy_heading_line\"><div class=\"fh-top\"><\/div><h2 class=\"title\">Suscripciones<\/h2><\/div>\n[\/vc_column][\/vc_row][vc_row equal_height=\u00bbyes\u00bb disable_element=\u00bbyes\u00bb][vc_column width=\u00bb1\/3&#8243;]<div class=\"pricing-box  pricing-box-box\"><div class=\"plan-header\"><div class=\"image\"><img loading=\"lazy\" decoding=\"async\" class=\"scale-with-grid\" src=\"https:\/\/www.inpulse.tech\/wp-content\/uploads\/2017\/03\/my-garage.png\" alt=\"my-garage\" width=\"260\" height=\"50\"\/><\/div><\/div><div class=\"plan-inside\"><span class=\"pi-content\"><strong>Para gestores de flotas con pocas unidades.<\/strong><\/p>\n<p>Incluye:<\/p>\n<ul style=\"margin-bottom: 240px;\">\n<li>Perfil de usuario y registro de datos personales<\/li>\n<li>Configuraci\u00f3n de activos empresariales, conductores y flotas<\/li>\n<li>Seguimiento del veh\u00edculo<\/li>\n<li>Gesti\u00f3n sensores y mediciones observadas junto con informes detallados<\/li>\n<li>Descarga de los informes en formato Microsoft excel\u00ae para su reelaboraci\u00f3n o simplemente para visualizarlos.<\/li>\n<\/ul>\n<p><\/span><\/div><div class=\"plan-footer\"><a href=\"#\" class=\"button button_theme \"  title=\"SUSCRIBIRSE\"><span class=\"button_label\">SUSCRIBIRSE<\/span><\/a><\/div><\/div>\n[\/vc_column][vc_column width=\u00bb1\/3&#8243;]<div class=\"pricing-box  pricing-box-box\"><div class=\"plan-header\"><div class=\"image\"><img loading=\"lazy\" decoding=\"async\" class=\"scale-with-grid\" src=\"https:\/\/www.inpulse.tech\/wp-content\/uploads\/2017\/03\/my-fleet.png\" alt=\"my-fleet\" width=\"260\" height=\"50\"\/><\/div><\/div><div class=\"plan-inside\"><span class=\"pi-content\"><strong>Para empresas de alquiler de veh\u00edculos y subcontratistas medio-grandes.<\/strong><\/p>\n<p>Incluye:<\/p>\n<ul style=\"margin-bottom: 60px;\">\n<li>Perfil de usuario y registro de datos personales<\/li>\n<li>Configuraci\u00f3n de activos empresariales, conductores y flotas<\/li>\n<li>Identificaci\u00f3n del conductor con bloqueo\/desbloqueo del veh\u00edculo<\/li>\n<li>Gesti\u00f3n de sensores y mediciones observadas junto con informes detallados<\/li>\n<li>Descarga de los informes en formato Microsoft excel\u00ae para su reelaboraci\u00f3n o simplemente para visualizarlos.<\/li>\n<li>Alertas parametrizables<\/li>\n<li>Seguimiento del consumo de combustible<\/li>\n<li>Geolocalizaci\u00f3n del veh\u00edculo<\/li>\n<\/ul>\n<p><\/span><\/div><div class=\"plan-footer\"><a href=\"#\" class=\"button button_theme \"  title=\"SUSCRIBIRSE\"><span class=\"button_label\">SUSCRIBIRSE<\/span><\/a><\/div><\/div>\n[\/vc_column][vc_column width=\u00bb1\/3&#8243;]<div class=\"pricing-box  pricing-box-box\"><div class=\"plan-header\"><div class=\"image\"><img loading=\"lazy\" decoding=\"async\" class=\"scale-with-grid\" src=\"https:\/\/www.inpulse.tech\/wp-content\/uploads\/2017\/03\/my-business.png\" alt=\"my-business\" width=\"260\" height=\"50\"\/><\/div><\/div><div class=\"plan-inside\"><span class=\"pi-content\"><strong>Para gestores de grandes flotas y fabricantes de m\u00e1quinas para el movimiento de tierra.<\/strong><\/p>\n<p>Incluye:<\/p>\n<ul>\n<li>Perfil de usuario y registro de datos personales<\/li>\n<li>Configuraci\u00f3n de activos empresariales, conductores y flotas<\/li>\n<li>Identificaci\u00f3n del conductor con bloqueo\/desbloqueo del veh\u00edculo<\/li>\n<li>Seguimiento del veh\u00edculo<\/li>\n<li>Gesti\u00f3n de sensores y mediciones observadas junto con informes<\/li>\n<li>Descarga de los informes en formato Microsoft excel\u00ae para su reelaboraci\u00f3n o simplemente para visualizarlos.<\/li>\n<li>Alertas parametrizables<\/li>\n<li>Seguimiento del consumo de combustible<\/li>\n<li>Plan de mantenimiento del veh\u00edculo<\/li>\n<\/ul>\n<p><\/span><\/div><div class=\"plan-footer\"><a href=\"#\" class=\"button button_theme \"  title=\"SUSCRIBIRSE\"><span class=\"button_label\">SUSCRIBIRSE<\/span><\/a><\/div><\/div>\n[\/vc_column][\/vc_row]<\/p>\n<\/section>","protected":false},"excerpt":{"rendered":"<p>[vc_row 0=\u00bb\u00bb][vc_column 0=\u00bb\u00bb][vc_single_image image=\u00bb1815&#8243; img_size=\u00bbfull\u00bb css=\u00bb.vc_custom_1551796407392{margin-bottom: 0px !important;}\u00bb][vc_btn title=\u00bbLOGIN\u00bb style=\u00bboutline-custom\u00bb outline_custom_color=\u00bb#37ac50&#8243; outline_custom_hover_background=\u00bb#37ac50&#8243; outline_custom_hover_text=\u00bb#ffffff\u00bb size=\u00bblg\u00bb align=\u00bbcenter\u00bb i_icon_fontawesome=\u00bbfa fa-sign-in\u00bb add_icon=\u00bbtrue\u00bb link=\u00bburl:http%3A%2F%2Flogin.inpulse.tech%2F||target:%20_blank|\u00bb][\/vc_column][\/vc_row][vc_row css=\u00bb.vc_custom_1493720796799{padding-top: 15px !important;}\u00bb][vc_column][vc_column_text] La aplicaci\u00f3n web intuitiva,<span class=\"excerpt-hellip\"> [\u2026]<\/span><\/p>\n","protected":false},"author":1,"featured_media":0,"parent":823,"menu_order":0,"comment_status":"closed","ping_status":"closed","template":"","meta":{"footnotes":""},"acf":[],"_links":{"self":[{"href":"https:\/\/www.inpulse.tech\/es\/wp-json\/wp\/v2\/pages\/834"}],"collection":[{"href":"https:\/\/www.inpulse.tech\/es\/wp-json\/wp\/v2\/pages"}],"about":[{"href":"https:\/\/www.inpulse.tech\/es\/wp-json\/wp\/v2\/types\/page"}],"author":[{"embeddable":true,"href":"https:\/\/www.inpulse.tech\/es\/wp-json\/wp\/v2\/users\/1"}],"replies":[{"embeddable":true,"href":"https:\/\/www.inpulse.tech\/es\/wp-json\/wp\/v2\/comments?post=834"}],"version-history":[{"count":5,"href":"https:\/\/www.inpulse.tech\/es\/wp-json\/wp\/v2\/pages\/834\/revisions"}],"predecessor-version":[{"id":1821,"href":"https:\/\/www.inpulse.tech\/es\/wp-json\/wp\/v2\/pages\/834\/revisions\/1821"}],"up":[{"embeddable":true,"href":"https:\/\/www.inpulse.tech\/es\/wp-json\/wp\/v2\/pages\/823"}],"wp:attachment":[{"href":"https:\/\/www.inpulse.tech\/es\/wp-json\/wp\/v2\/media?parent=834"}],"curies":[{"name":"wp","href":"https:\/\/api.w.org\/{rel}","templated":true}]}}