{"id":839,"date":"2017-09-05T17:59:59","date_gmt":"2017-09-05T15:59:59","guid":{"rendered":"http:\/\/www.inpulse.tech\/?page_id=839\/"},"modified":"2018-11-05T18:24:04","modified_gmt":"2018-11-05T17:24:04","slug":"rental-fleet","status":"publish","type":"page","link":"https:\/\/www.inpulse.tech\/es\/rental-fleet\/","title":{"rendered":"Rental &#038; Fleet"},"content":{"rendered":"<section class=\"wpb-content-wrapper\"><p>[vc_row][vc_column][vc_single_image image=\u00bb61&#8243; img_size=\u00bbfull\u00bb alignment=\u00bbcenter\u00bb css=\u00bb.vc_custom_1489746016405{margin-top: -50px !important;}\u00bb]<div class=\"fancy_heading fancy_heading_line\"><div class=\"fh-top\"><\/div><h2 class=\"title\">Gesti\u00f3n del veh\u00edculo de alquiler<\/h2><\/div>\n[vc_column_text]La soluci\u00f3n integrada InPulse representa una plataforma ideal y completa para la gesti\u00f3n a distancia de los veh\u00edculos fuera de carretera y los equipos de alquiler.<br \/>\nPuede instalarse en veh\u00edculos OEM y para adaptaciones de modernizaci\u00f3n.<\/p>\n<p><strong>Gesti\u00f3n a distancia de los veh\u00edculos<\/strong><br \/>\nInPulse recopila y gestiona una elevada cantidad de datos, permitiendo tomar decisiones de forma consecuente y segura. El uso de la telem\u00e1tica de los veh\u00edculos fuera de carretera act\u00faa como una soluci\u00f3n lista para su uso con el fin de mejorar los costes totales de propiedad, en concreto en sectores como el de la miner\u00eda, el de las instalaciones industriales, el de la construci\u00f3n y el de la maquinaria agr\u00edcola, ya sea propia o de alquiler.<\/p>\n<p><strong>An\u00e1lisis cr\u00edtico de datos<\/strong><br \/>\nPermite una recopilaci\u00f3n puntual de los datos disponibles, un an\u00e1lisis detallado y una respuesta inmediata gracias a una soluci\u00f3n de hardware integrada con una suite de sensores. El hardware de InPulse es el resultado de la colaboraci\u00f3n entre AMA, Octo Telematics, l\u00edder mundial en servicios telem\u00e1ticos para compa\u00f1\u00edas de seguros y fabricantes de autom\u00f3viles, y Ste Industries, el especialista en soluciones inal\u00e1nbricas.<\/p>\n<p><strong>Tecnolog\u00eda inal\u00e1nbrica \u00fanica y revolucionaria<\/strong><br \/>\nInPulse integra y env\u00eda al Data Center de Octo Telematics la informaci\u00f3n recogidas por m\u00faltiples sensores, ya sean inal\u00e1mbricos o con cable. El procesador Kernel Module de Octo Telematics, patentado e integrado de forma nativa en el interior de las box, analiza la informaci\u00f3n telem\u00e1tica y la pone a disposici\u00f3n de los asociados (OEM, gestores de flotas, empresas aseguradoras) para el desarrollo de an\u00e1lisis detallados.<\/p>\n<p><strong>La soluci\u00f3n ideal para las nuevas exigencias de la industria<\/strong><br \/>\nLos veh\u00edculos fuera de carretera requieren dispositivos que sean capaces de salvar las distancias entre la conectividad local y remota entre las infraestructuras. La extensa red de sensores y centralitas inteligentes proporcionados por InPulse ofrece ventajas claras respecto a los sistemas convencionales en cuanto a registro, intercambio y protecci\u00f3n de datos.<br \/>\nLa soluci\u00f3n aumenta de forma significativa los datos y los an\u00e1lisis a disposici\u00f3n de usuarios, propietarios de flotas de veh\u00edculos, OEM y compa\u00f1\u00edas de seguros. Permite una mayor seguridad y reducci\u00f3n de costes de gesti\u00f3n en un sector que requiere mayor eficiencia, versatilidad y fiabilidad.[\/vc_column_text][\/vc_column][\/vc_row][vc_row gap=\u00bb30&#8243;][vc_column width=\u00bb1\/4&#8243; css=\u00bb.vc_custom_1490608507241{border-top-width: 1px !important;border-right-width: 1px !important;border-bottom-width: 1px !important;border-left-width: 1px !important;padding-top: 0px !important;padding-right: 0px !important;padding-bottom: 0px !important;padding-left: 0px !important;border-left-color: #eeeeee !important;border-left-style: solid !important;border-right-color: #eeeeee !important;border-right-style: solid !important;border-top-color: #eeeeee !important;border-top-style: solid !important;border-bottom-color: #eeeeee !important;border-bottom-style: solid !important;}\u00bb]<div class=\"sliding_box\"><a href=\"http:\/\/www.inpulse.tech\/es\/prodotto\/in-vehicle-tracking\/\"  title=\"\"><div class=\"photo_wrapper\"><img loading=\"lazy\" decoding=\"async\" class=\"scale-with-grid\" src=\"https:\/\/www.inpulse.tech\/wp-content\/uploads\/2017\/03\/greenbox2-1.jpg\" alt=\"greenbox2\" width=\"400\" height=\"200\"\/><\/div><div class=\"desc_wrapper\"><h4 class=\"title\">In.Vehicle Tracking<\/h4><\/div><\/a><\/div>\n[vc_column_text css=\u00bb.vc_custom_1504627301338{padding-right: 10px !important;padding-left: 10px !important;}\u00bb]El kit In.Vehicle Tracking es la soluci\u00f3n para implementar funciones de localizaci\u00f3n de autom\u00f3viles.<br \/>\nIncluye Box, cableado y un a\u00f1o de servicio gratuito, con embalaje.[\/vc_column_text][vc_empty_space height=\u00bb210px\u00bb css=\u00bb.vc_custom_1541438565441{margin-bottom: 0px !important;}\u00bb][\/vc_column][vc_column width=\u00bb1\/4&#8243; css=\u00bb.vc_custom_1490608450103{border-top-width: 1px !important;border-right-width: 1px !important;border-bottom-width: 1px !important;border-left-width: 1px !important;padding-top: 0px !important;padding-right: 0px !important;padding-bottom: 0px !important;padding-left: 0px !important;border-left-color: #eeeeee !important;border-left-style: solid !important;border-right-color: #eeeeee !important;border-right-style: solid !important;border-top-color: #eeeeee !important;border-top-style: solid !important;border-bottom-color: #eeeeee !important;border-bottom-style: solid !important;}\u00bb]<div class=\"sliding_box\"><a href=\"http:\/\/www.inpulse.tech\/es\/prodotto\/in-vehicle-secure\/\"  title=\"\"><div class=\"photo_wrapper\"><img loading=\"lazy\" decoding=\"async\" class=\"scale-with-grid\" src=\"https:\/\/www.inpulse.tech\/wp-content\/uploads\/2018\/11\/greenbox-secure.jpg\" alt=\"greenbox-secure\" width=\"400\" height=\"200\"\/><\/div><div class=\"desc_wrapper\"><h4 class=\"title\">In.Vehicle Secure<\/h4><\/div><\/a><\/div>\n[vc_column_text css=\u00bb.vc_custom_1504627312274{padding-right: 10px !important;padding-left: 10px !important;}\u00bb]El kit In.Vehicle Secure es la soluci\u00f3n para implementar funciones de localizaci\u00f3n de autom\u00f3viles y de control a distancia de los mismos por conexi\u00f3n a la red BUS-CAN, y la posibilidad de gestionar dos rel\u00e9s externos para controlar el bloqueo del veh\u00edculo.<br \/>\nAdem\u00e1s, la centralita viene equipada de un sistema Bluetooth BLE para la conexi\u00f3n local.<br \/>\nIncluye Box, cableado y un a\u00f1o de servicio gratuito, con embalaje.[\/vc_column_text][vc_empty_space height=\u00bb60px\u00bb css=\u00bb.vc_custom_1500307652673{margin-bottom: 0px !important;}\u00bb][\/vc_column][vc_column width=\u00bb1\/4&#8243; css=\u00bb.vc_custom_1490608517232{border-top-width: 1px !important;border-right-width: 1px !important;border-bottom-width: 1px !important;border-left-width: 1px !important;padding-top: 0px !important;padding-right: 0px !important;padding-bottom: 0px !important;padding-left: 0px !important;border-left-color: #eeeeee !important;border-left-style: solid !important;border-right-color: #eeeeee !important;border-right-style: solid !important;border-top-color: #eeeeee !important;border-top-style: solid !important;border-bottom-color: #eeeeee !important;border-bottom-style: solid !important;}\u00bb]<div class=\"sliding_box\"><a href=\"http:\/\/www.inpulse.tech\/es\/prodotto\/in-vehicle-fuel\/\"  title=\"\"><div class=\"photo_wrapper\"><img loading=\"lazy\" decoding=\"async\" class=\"scale-with-grid\" src=\"https:\/\/www.inpulse.tech\/wp-content\/uploads\/2017\/03\/bridge1.jpg\" alt=\"bridge1\" width=\"400\" height=\"200\"\/><\/div><div class=\"desc_wrapper\"><h4 class=\"title\">In.Vehicle Fuel<\/h4><\/div><\/a><\/div>\n[vc_column_text css=\u00bb.vc_custom_1504627338959{padding-right: 10px !important;padding-left: 10px !important;}\u00bb]El kit In.Vehicle Fuel es la soluci\u00f3n para implementar funciones de control del consumo an\u00f3malo del combustible. Asimismo, es capaz de implementar funciones de localizaci\u00f3n de los autom\u00f3viles, de control a distancia de los mismos con conexi\u00f3n a la red BUS-CAN, y la posibilidad de gestionar dos rel\u00e9s externos para controlar el bloqueo del veh\u00edculo.<br \/>\nAdem\u00e1s, la centralita viene equipada de un sistema Bluetooth BLE para la conexi\u00f3n local.<br \/>\nIncluye Box, cableado y un a\u00f1o de servicio gratuito, con embalaje.[\/vc_column_text][\/vc_column][vc_column width=\u00bb1\/4&#8243; css=\u00bb.vc_custom_1498479679871{border-top-width: 1px !important;border-right-width: 1px !important;border-bottom-width: 1px !important;border-left-width: 1px !important;padding-top: 0px !important;padding-right: 0px !important;padding-bottom: 0px !important;padding-left: 0px !important;border-left-color: #eeeeee !important;border-left-style: solid !important;border-right-color: #eeeeee !important;border-right-style: solid !important;border-top-color: #eeeeee !important;border-top-style: solid !important;border-bottom-color: #eeeeee !important;border-bottom-style: solid !important;}\u00bb]<div class=\"sliding_box\"><a href=\"http:\/\/www.inpulse.tech\/es\/rental-fleet\/portal-in-vehicle\/\"  title=\"\"><div class=\"photo_wrapper\"><img loading=\"lazy\" decoding=\"async\" class=\"scale-with-grid\" src=\"https:\/\/www.inpulse.tech\/wp-content\/uploads\/2017\/03\/invehicle1.jpg\" alt=\"invehicle1\" width=\"600\" height=\"300\"\/><\/div><div class=\"desc_wrapper\"><h4 class=\"title\">Portal In.Vehicle<\/h4><\/div><\/a><\/div>\n[vc_column_text css=\u00bb.vc_custom_1504627348375{padding-right: 10px !important;padding-left: 10px !important;}\u00bb]La aplicaci\u00f3n web intuitiva, flexible y r\u00e1pida, accesible desde un ordenador o tablet, siempre al alcance de la mano y f\u00e1cilmente configurable.[\/vc_column_text][vc_empty_space height=\u00bb150px\u00bb css=\u00bb.vc_custom_1541438601687{margin-bottom: 0px !important;}\u00bb][vc_btn title=\u00bbDESCUBRE M\u00c1S\u00bb style=\u00bboutline\u00bb color=\u00bbsuccess\u00bb align=\u00bbcenter\u00bb link=\u00bburl:http%3A%2F%2Fwww.inpulse.tech%2Fes%2Fvehiculo-oem%2Fportale-in-vehicle%2F|||\u00bb][\/vc_column][\/vc_row]<\/p>\n<\/section>","protected":false},"excerpt":{"rendered":"<p>[vc_row][vc_column][vc_single_image image=\u00bb61&#8243; img_size=\u00bbfull\u00bb alignment=\u00bbcenter\u00bb css=\u00bb.vc_custom_1489746016405{margin-top: -50px !important;}\u00bb][vc_column_text]La soluci\u00f3n integrada InPulse representa una plataforma ideal y completa para la gesti\u00f3n a distancia de los veh\u00edculos fuera de<span class=\"excerpt-hellip\"> [\u2026]<\/span><\/p>\n","protected":false},"author":1,"featured_media":0,"parent":0,"menu_order":0,"comment_status":"closed","ping_status":"closed","template":"","meta":{"footnotes":""},"acf":[],"_links":{"self":[{"href":"https:\/\/www.inpulse.tech\/es\/wp-json\/wp\/v2\/pages\/839"}],"collection":[{"href":"https:\/\/www.inpulse.tech\/es\/wp-json\/wp\/v2\/pages"}],"about":[{"href":"https:\/\/www.inpulse.tech\/es\/wp-json\/wp\/v2\/types\/page"}],"author":[{"embeddable":true,"href":"https:\/\/www.inpulse.tech\/es\/wp-json\/wp\/v2\/users\/1"}],"replies":[{"embeddable":true,"href":"https:\/\/www.inpulse.tech\/es\/wp-json\/wp\/v2\/comments?post=839"}],"version-history":[{"count":5,"href":"https:\/\/www.inpulse.tech\/es\/wp-json\/wp\/v2\/pages\/839\/revisions"}],"predecessor-version":[{"id":1290,"href":"https:\/\/www.inpulse.tech\/es\/wp-json\/wp\/v2\/pages\/839\/revisions\/1290"}],"wp:attachment":[{"href":"https:\/\/www.inpulse.tech\/es\/wp-json\/wp\/v2\/media?parent=839"}],"curies":[{"name":"wp","href":"https:\/\/api.w.org\/{rel}","templated":true}]}}