{"id":843,"date":"2017-09-05T18:10:58","date_gmt":"2017-09-05T16:10:58","guid":{"rendered":"http:\/\/www.inpulse.tech\/?page_id=843\/"},"modified":"2017-09-05T18:10:58","modified_gmt":"2017-09-05T16:10:58","slug":"portal-in-vehicle","status":"publish","type":"page","link":"https:\/\/www.inpulse.tech\/es\/rental-fleet\/portal-in-vehicle\/","title":{"rendered":"Portal In.Vehicle"},"content":{"rendered":"<section class=\"wpb-content-wrapper\"><p>[vc_row css=\u00bb.vc_custom_1490628631846{padding-top: 20px !important;padding-bottom: 40px !important;}\u00bb][vc_column width=\u00bb1\/2&#8243;][vc_column_text css=\u00bb.vc_custom_1504627790146{margin-bottom: 10px !important;}\u00bb]<\/p>\n<h3>Suscripciones<\/h3>\n<p>La aplicaci\u00f3n web intuitiva, flexible y r\u00e1pida, accesible desde un ordenador o tablet, siempre al alcance de la mano y f\u00e1cilmente configurable.<br \/>\nProporciona la funci\u00f3n de geofencing para controlar puntos y \u00e1reas de inter\u00e9s, mapas para una visi\u00f3n completa de la ubicaci\u00f3n de centralitas (veh\u00edculos), lugares (obras y zonas en alquiler) y Assets (combinaci\u00f3n entre centralitas y lugares), y la ubicaci\u00f3n en tiempo real del veh\u00edculo, gr\u00e1ficos que permiten que el gestor de la flota visualice todos los datos recopilados y guardados, como las horas de utilizaci\u00f3n y los kil\u00f3metros recorridos.[\/vc_column_text][\/vc_column][vc_column width=\u00bb1\/2&#8243;][vc_empty_space height=\u00bb20px\u00bb][vc_column_text css=\u00bb.vc_custom_1504627847860{margin-bottom: 10px !important;}\u00bb]<strong>0 costes de instalaci\u00f3n<\/strong><br \/>\nNinguna inversi\u00f3n inicial<br \/>\n<strong>Tarifa mensual competitiva<\/strong><br \/>\nCon solo un peque\u00f1o gasto mensual podr\u00e1s controlar la cantidad de combustible que entra y que sale de los autom\u00f3viles.<br \/>\n<strong>Cuantos m\u00e1s veh\u00edculos, m\u00e1s ahorras<\/strong><br \/>\nSi dispones de una flota que supere las 10 unidades tendr\u00e1s derecho a atractivas ofertas.[\/vc_column_text][\/vc_column][\/vc_row]<\/p>\n<\/section>","protected":false},"excerpt":{"rendered":"<p>[vc_row css=\u00bb.vc_custom_1490628631846{padding-top: 20px !important;padding-bottom: 40px !important;}\u00bb][vc_column width=\u00bb1\/2&#8243;][vc_column_text css=\u00bb.vc_custom_1504627790146{margin-bottom: 10px !important;}\u00bb] Suscripciones La aplicaci\u00f3n web intuitiva, flexible y r\u00e1pida, accesible desde un ordenador o tablet, siempre al<span class=\"excerpt-hellip\"> [\u2026]<\/span><\/p>\n","protected":false},"author":1,"featured_media":0,"parent":839,"menu_order":0,"comment_status":"closed","ping_status":"closed","template":"","meta":{"footnotes":""},"acf":[],"_links":{"self":[{"href":"https:\/\/www.inpulse.tech\/es\/wp-json\/wp\/v2\/pages\/843"}],"collection":[{"href":"https:\/\/www.inpulse.tech\/es\/wp-json\/wp\/v2\/pages"}],"about":[{"href":"https:\/\/www.inpulse.tech\/es\/wp-json\/wp\/v2\/types\/page"}],"author":[{"embeddable":true,"href":"https:\/\/www.inpulse.tech\/es\/wp-json\/wp\/v2\/users\/1"}],"replies":[{"embeddable":true,"href":"https:\/\/www.inpulse.tech\/es\/wp-json\/wp\/v2\/comments?post=843"}],"version-history":[{"count":1,"href":"https:\/\/www.inpulse.tech\/es\/wp-json\/wp\/v2\/pages\/843\/revisions"}],"predecessor-version":[{"id":844,"href":"https:\/\/www.inpulse.tech\/es\/wp-json\/wp\/v2\/pages\/843\/revisions\/844"}],"up":[{"embeddable":true,"href":"https:\/\/www.inpulse.tech\/es\/wp-json\/wp\/v2\/pages\/839"}],"wp:attachment":[{"href":"https:\/\/www.inpulse.tech\/es\/wp-json\/wp\/v2\/media?parent=843"}],"curies":[{"name":"wp","href":"https:\/\/api.w.org\/{rel}","templated":true}]}}