{"id":855,"date":"2017-09-06T17:13:06","date_gmt":"2017-09-06T15:13:06","guid":{"rendered":"http:\/\/www.inpulse.tech\/?page_id=855\/"},"modified":"2017-09-06T17:22:01","modified_gmt":"2017-09-06T15:22:01","slug":"ventajas","status":"publish","type":"page","link":"https:\/\/www.inpulse.tech\/es\/ventajas\/","title":{"rendered":"Ventajas"},"content":{"rendered":"<section class=\"wpb-content-wrapper\"><p>[vc_row full_width=\u00bbstretch_row\u00bb css=\u00bb.vc_custom_1497519266596{margin-top: 0px !important;padding-top: 0px !important;background-color: #f8f8f8 !important;}\u00bb][vc_column]<div class=\"fancy_heading fancy_heading_line\"><div class=\"fh-top\"><\/div><h2 class=\"title\">Agricultura de precisi\u00f3n : las ventajas<\/h2><\/div>\n[\/vc_column][\/vc_row][vc_row full_width=\u00bbstretch_row\u00bb css=\u00bb.vc_custom_1497518374901{background-color: #f8f8f8 !important;}\u00bb][vc_column][vc_column_text]<\/p>\n<h2 style=\"text-align: center;\">Gesti\u00f3n a distancia de m\u00e1quinas para el movimiento de tierras y veh\u00edculos log\u00edsticos<\/h2>\n<p>[\/vc_column_text][\/vc_column][\/vc_row][vc_row full_width=\u00bbstretch_row\u00bb css=\u00bb.vc_custom_1497518381896{background-color: #f8f8f8 !important;}\u00bb][vc_column width=\u00bb1\/3&#8243;][vc_single_image image=\u00bb510&#8243; img_size=\u00bbfull\u00bb alignment=\u00bbcenter\u00bb css=\u00bb.vc_custom_1497519089148{margin-bottom: 10px !important;}\u00bb][vc_column_text css=\u00bb.vc_custom_1504710837057{margin-bottom: 10px !important;}\u00bb]<\/p>\n<h3 style=\"text-align: center; color: #37ac50;\">AMBIENTALES<\/h3>\n<p>[\/vc_column_text][\/vc_column][vc_column width=\u00bb1\/3&#8243;][vc_single_image image=\u00bb509&#8243; img_size=\u00bbfull\u00bb alignment=\u00bbcenter\u00bb css=\u00bb.vc_custom_1497519107801{margin-bottom: 10px !important;}\u00bb][vc_column_text css=\u00bb.vc_custom_1504710845189{margin-bottom: 10px !important;}\u00bb]<\/p>\n<h3 style=\"text-align: center; color: #37ac50;\">ECON\u00d3MICOS<\/h3>\n<p>[\/vc_column_text][\/vc_column][vc_column width=\u00bb1\/3&#8243;][vc_single_image image=\u00bb508&#8243; img_size=\u00bbfull\u00bb alignment=\u00bbcenter\u00bb css=\u00bb.vc_custom_1497519122054{margin-bottom: 10px !important;}\u00bb][vc_column_text css=\u00bb.vc_custom_1504710854932{margin-bottom: 10px !important;}\u00bb]<\/p>\n<h3 style=\"text-align: center; color: #37ac50;\">EFICIENCIA T\u00c9CNICA<\/h3>\n<p>[\/vc_column_text][\/vc_column][\/vc_row][vc_row full_width=\u00bbstretch_row\u00bb css=\u00bb.vc_custom_1497518381896{background-color: #f8f8f8 !important;}\u00bb][vc_column width=\u00bb1\/4&#8243;][vc_column_text]<\/p>\n<ul>\n<li>Reducci\u00f3n dr\u00e1stica de las costosas detenciones indeseadas de las m\u00e1quinas.<\/li>\n<li>Mayor eficiencia en los ciclos de trabajo a trav\u00e9s de la monitorizaci\u00f3n constante de la actividad del autom\u00f3vil.<\/li>\n<\/ul>\n<p>[\/vc_column_text][\/vc_column][vc_column width=\u00bb1\/4&#8243;][vc_column_text]<\/p>\n<ul>\n<li>Reducci\u00f3n del consumo de combustible.<\/li>\n<li>Disminuci\u00f3n del consumo de neum\u00e1ticos gracias a la continua monitorizaci\u00f3n de su presi\u00f3n.<\/li>\n<li>Ahorro de los costes de mantenimiento y asistencia del veh\u00edculo.<\/li>\n<\/ul>\n<p>[\/vc_column_text][\/vc_column][vc_column width=\u00bb1\/4&#8243;][vc_column_text]<\/p>\n<ul>\n<li>Posibilidad de detectar par\u00e1metros y medidas de la m\u00e1quina en partes del cableado dif\u00edciles de alcanzar.<\/li>\n<li>La soluci\u00f3n con SIM on chip permite tener mayor fiabilidad en aplicaciones con presencia de vibraciones y shocks mec\u00e1nicos.<\/li>\n<\/ul>\n<p>[\/vc_column_text][\/vc_column][vc_column width=\u00bb1\/4&#8243;][vc_column_text]<\/p>\n<ul>\n<li>Una soluci\u00f3n global para una gesti\u00f3n simple y facilitada por una conexi\u00f3n a distancia. Gracias a la SIM on chip universal, el operador no se ve obligado a recurrir a diferentes proveedores seg\u00fan el pa\u00eds en el que se implanta el sistema.<\/li>\n<\/ul>\n<p>[\/vc_column_text][\/vc_column][\/vc_row][vc_row][vc_column][vc_column_text]<\/p>\n<h2 style=\"text-align: center;\">Gesti\u00f3n del campo y del terreno agr\u00edcola<\/h2>\n<p>[\/vc_column_text][\/vc_column][\/vc_row][vc_row full_width=\u00bbstretch_row\u00bb css=\u00bb.vc_custom_1497518396748{margin-top: 0px !important;padding-top: 0px !important;}\u00bb][vc_column width=\u00bb1\/3&#8243;][vc_single_image image=\u00bb316&#8243; img_size=\u00bbfull\u00bb alignment=\u00bbcenter\u00bb css=\u00bb.vc_custom_1493712741586{margin-bottom: 10px !important;}\u00bb][vc_column_text]<\/p>\n<p style=\"text-align: center;\">Geolocalizaci\u00f3n de parcelas y datos de los sensores para una informaci\u00f3n detallada sobre las condiciones de los cultivos.<\/p>\n<p>[\/vc_column_text][\/vc_column][vc_column width=\u00bb1\/3&#8243;][vc_single_image image=\u00bb315&#8243; img_size=\u00bbfull\u00bb alignment=\u00bbcenter\u00bb css=\u00bb.vc_custom_1493713599567{margin-bottom: 10px !important;}\u00bb][vc_column_text]<\/p>\n<p style=\"text-align: center;\">Datos meteorol\u00f3gicos, informaci\u00f3n sobre la variedad de cultivos, pr\u00e1cticas y tratamientos que, realizados debidamente, permiten una planificaci\u00f3n agron\u00f3mica eficaz.<\/p>\n<p>[\/vc_column_text][\/vc_column][vc_column width=\u00bb1\/3&#8243;][vc_single_image image=\u00bb314&#8243; img_size=\u00bbfull\u00bb alignment=\u00bbcenter\u00bb css=\u00bb.vc_custom_1493713586425{margin-bottom: 10px !important;}\u00bb][vc_column_text]<\/p>\n<p style=\"text-align: center;\">Sistema de soporte en la toma de decisiones que ayuda al agricultor en la gesti\u00f3n del negocio.<\/p>\n<p>[\/vc_column_text][\/vc_column][\/vc_row][vc_row][vc_column][vc_column_text css=\u00bb.vc_custom_1504710979336{margin-top: 20px !important;}\u00bb]<\/p>\n<h3 style=\"text-align: center;\">Las ventajas<\/h3>\n<p>[\/vc_column_text][\/vc_column][\/vc_row][vc_row full_width=\u00bbstretch_row\u00bb][vc_column width=\u00bb1\/3&#8243;][vc_single_image image=\u00bb510&#8243; img_size=\u00bbfull\u00bb alignment=\u00bbcenter\u00bb css=\u00bb.vc_custom_1497519089148{margin-bottom: 10px !important;}\u00bb][vc_column_text]<\/p>\n<h3 style=\"text-align: center; color: #37ac50;\">AMBIENTALES<\/h3>\n<p style=\"text-align: center;\">El objetivo del programa nacional es incrementar, antes de 2021, el 10% las superficies cultivadas con la intenci\u00f3n de conservalas.<\/p>\n<p>[\/vc_column_text][\/vc_column][vc_column width=\u00bb1\/3&#8243;][vc_single_image image=\u00bb509&#8243; img_size=\u00bbfull\u00bb alignment=\u00bbcenter\u00bb css=\u00bb.vc_custom_1497519107801{margin-bottom: 10px !important;}\u00bb][vc_column_text]<\/p>\n<h3 style=\"text-align: center; color: #37ac50;\">ECON\u00d3MICOS<\/h3>\n<p style=\"text-align: center;\">Incentivos econ\u00f3micos (FEASR)<br \/>\nAhorro medio del 15% de los costes de explotaci\u00f3n<\/p>\n<p>[\/vc_column_text][\/vc_column][vc_column width=\u00bb1\/3&#8243;][vc_single_image image=\u00bb508&#8243; img_size=\u00bbfull\u00bb alignment=\u00bbcenter\u00bb css=\u00bb.vc_custom_1497519122054{margin-bottom: 10px !important;}\u00bb][vc_column_text]<\/p>\n<h3 style=\"text-align: center; color: #37ac50;\">EFICIENCIA T\u00c9CNICA<\/h3>\n<p style=\"text-align: center;\">Ahorro de entre el 10% y el 30% de las horas de trabajo, fertilizantes, semillas, herbicidas y combustibles.<br \/>\nAumento del beneficio anual en un 5,5% (en un tej\u00eddo agr\u00edcola equiparable al de Emilia Roma\u00f1a).<\/p>\n<p>[\/vc_column_text][\/vc_column][\/vc_row][vc_row][vc_column][vc_single_image image=\u00bb860&#8243; img_size=\u00bbfull\u00bb alignment=\u00bbcenter\u00bb][\/vc_column][\/vc_row]<\/p>\n<\/section>","protected":false},"excerpt":{"rendered":"<p>[vc_row full_width=\u00bbstretch_row\u00bb css=\u00bb.vc_custom_1497519266596{margin-top: 0px !important;padding-top: 0px !important;background-color: #f8f8f8 !important;}\u00bb][vc_column][\/vc_column][\/vc_row][vc_row full_width=\u00bbstretch_row\u00bb css=\u00bb.vc_custom_1497518374901{background-color: #f8f8f8 !important;}\u00bb][vc_column][vc_column_text] Gesti\u00f3n a distancia de m\u00e1quinas para el movimiento de tierras y veh\u00edculos log\u00edsticos<span class=\"excerpt-hellip\"> [\u2026]<\/span><\/p>\n","protected":false},"author":1,"featured_media":0,"parent":0,"menu_order":0,"comment_status":"open","ping_status":"closed","template":"","meta":{"footnotes":""},"acf":[],"_links":{"self":[{"href":"https:\/\/www.inpulse.tech\/es\/wp-json\/wp\/v2\/pages\/855"}],"collection":[{"href":"https:\/\/www.inpulse.tech\/es\/wp-json\/wp\/v2\/pages"}],"about":[{"href":"https:\/\/www.inpulse.tech\/es\/wp-json\/wp\/v2\/types\/page"}],"author":[{"embeddable":true,"href":"https:\/\/www.inpulse.tech\/es\/wp-json\/wp\/v2\/users\/1"}],"replies":[{"embeddable":true,"href":"https:\/\/www.inpulse.tech\/es\/wp-json\/wp\/v2\/comments?post=855"}],"version-history":[{"count":5,"href":"https:\/\/www.inpulse.tech\/es\/wp-json\/wp\/v2\/pages\/855\/revisions"}],"predecessor-version":[{"id":861,"href":"https:\/\/www.inpulse.tech\/es\/wp-json\/wp\/v2\/pages\/855\/revisions\/861"}],"wp:attachment":[{"href":"https:\/\/www.inpulse.tech\/es\/wp-json\/wp\/v2\/media?parent=855"}],"curies":[{"name":"wp","href":"https:\/\/api.w.org\/{rel}","templated":true}]}}