{"id":926,"date":"2017-09-14T10:20:22","date_gmt":"2017-09-14T08:20:22","guid":{"rendered":"http:\/\/www.inpulse.tech\/?page_id=926\/"},"modified":"2017-09-14T10:20:22","modified_gmt":"2017-09-14T08:20:22","slug":"ingate-1-0","status":"publish","type":"page","link":"https:\/\/www.inpulse.tech\/es\/sistemas-seguimiento-campo\/ingate\/ingate-1-0\/","title":{"rendered":"InGate 1.0"},"content":{"rendered":"<section class=\"wpb-content-wrapper\"><p>[vc_row][vc_column width=\u00bb1\/2&#8243;][vc_single_image image=\u00bb739&#8243; img_size=\u00bbfull\u00bb css=\u00bb.vc_custom_1501057043734{margin-bottom: 0px !important;padding-bottom: 0px !important;}\u00bb][\/vc_column][vc_column width=\u00bb1\/2&#8243;][vc_column_text]<strong>Unidad suplementaria utilizada para extender el \u00e1rea de inter\u00e9s.<\/strong><\/p>\n<p>InGate 1.0 es 1 unidad de soporte para el sistema InStation Tower, instalado y asociado en el mismo campo.<br \/>\nRecoge y env\u00eda los datos adquiridos por los sensores conectados al mismo, accesibles desde la plataforma InField.<\/p>\n<p>Suministrable con bater\u00eda alcalina de larga duraci\u00f3n.<br \/>\nDotado de modulo Bluetooth para la conexi\u00f3n local con smartphone y tablet.[\/vc_column_text][vc_btn title=\u00bbSOLICITA M\u00c1S INFORMACI\u00d3N\u00bb style=\u00bboutline\u00bb color=\u00bbsuccess\u00bb link=\u00bburl:mailto%3Ainfo%40inpulse.tech|||\u00bb][vc_btn title=\u00bbCOMPRA\u00bb style=\u00bbflat\u00bb color=\u00bbsuccess\u00bb link=\u00bburl:%23|||\u00bb][vc_btn title=\u00bbCONFIGURA TU SISTEMA\u00bb style=\u00bbflat\u00bb color=\u00bbwarning\u00bb link=\u00bburl:http%3A%2F%2Fwww.inpulse.tech%2Fama_inpulse_product%2Fingate-1-0%2F|||\u00bb][\/vc_column][\/vc_row][vc_row][vc_column][vc_row_inner css=\u00bb.vc_custom_1501054692246{margin-bottom: 0px !important;}\u00bb][vc_column_inner width=\u00bb1\/2&#8243;][vc_empty_space height=\u00bb30px\u00bb][vc_column_text]El sistema de monitoreo est\u00e1 dotado de:<br \/>\n<span style=\"font-size: 18px;\"><strong><a href=\"http:\/\/www.inpulse.tech\/es\/sistemas-seguimiento-campo\/ingate\/ingate-1-0\/\">InGate 1.0<\/a><\/strong><\/span><br \/>\nCentralita capaz de leer los datos procedentes de los sensores cableados y enviarlos a un sistema de monitoreo InStation Tower.<\/p>\n<p><span style=\"font-size: 18px;\"><strong><a href=\"http:\/\/www.inpulse.tech\/prodotto\/battery-box\/\">92002 Battery Box<\/a><\/strong><\/span><br \/>\nBater\u00eda de larga duraci\u00f3n (+ de 1 a\u00f1o) y cableado para la conexi\u00f3n a la caja de derivaci\u00f3n.<\/p>\n<p><span style=\"font-size: 18px;\"><strong><a href=\"http:\/\/www.inpulse.tech\/prodotto\/inpulse-pole\/\">92005 Pole<\/a><\/strong><\/span><br \/>\n3 palos de aluminio de 1 metro a ensamblar, para el soporte de sensores, Battery Box y box InStation Solo.[\/vc_column_text][\/vc_column_inner][vc_column_inner width=\u00bb1\/2&#8243;][vc_single_image image=\u00bb737&#8243; img_size=\u00bbfull\u00bb alignment=\u00bbcenter\u00bb css=\u00bb.vc_custom_1501056604369{margin-bottom: 0px !important;}\u00bb][\/vc_column_inner][\/vc_row_inner][vc_column_text css=\u00bb.vc_custom_1505377119546{margin-bottom: 0px !important;}\u00bb]<span style=\"font-size: 18px;\"><strong><a href=\"http:\/\/www.inpulse.tech\/prodotto\/kit-3-agri-sensors\/\">92008 Kit 3 Sensores Agri<\/a><\/strong><\/span><br \/>\nEl kit incluye tres tipolog\u00edas de sensores:<\/p>\n<ul>\n<li><a style=\"text-decoration: underline;\" href=\"http:\/\/www.inpulse.tech\/es\/prodotto\/sensor-humedad-del-suelo\/\"><strong>Sensores humedad suelo<\/strong><\/a><br \/>\nTres sensores patentados WATERMARK\u00ae para medir la tensi\u00f3n h\u00eddrica del suelo a tres diversos niveles.<\/li>\n<li><a style=\"text-decoration: underline;\" href=\"http:\/\/www.inpulse.tech\/es\/prodotto\/sensor-temperatura-suelo\/\"><strong>Sensor temperatura suelo<\/strong><\/a><br \/>\nSensor de temperatura con sonda de acero inoxidable para la medici\u00f3n de la temperatura del terreno.<\/li>\n<li><a style=\"text-decoration: underline;\" href=\"http:\/\/www.inpulse.tech\/es\/prodotto\/sensor-humedad-de-la-hoja\/\"><strong>Sensor mojadura foliar<\/strong><\/a><br \/>\nDetecta la presencia de humedad en la superficie de la hoja.<\/li>\n<\/ul>\n<p><strong>NOTAS:<\/strong><br \/>\n&#8211; El sistema no necesita red el\u00e9ctrica<br \/>\n&#8211; Alimentaci\u00f3n: bater\u00eda alcalina de larga duraci\u00f3n<br \/>\n&#8211; Geolocalizable[\/vc_column_text][\/vc_column][\/vc_row]<\/p>\n<\/section>","protected":false},"excerpt":{"rendered":"<p>[vc_row][vc_column width=\u00bb1\/2&#8243;][vc_single_image image=\u00bb739&#8243; img_size=\u00bbfull\u00bb css=\u00bb.vc_custom_1501057043734{margin-bottom: 0px !important;padding-bottom: 0px !important;}\u00bb][\/vc_column][vc_column width=\u00bb1\/2&#8243;][vc_column_text]Unidad suplementaria utilizada para extender el \u00e1rea de inter\u00e9s. InGate 1.0 es 1 unidad de soporte para<span class=\"excerpt-hellip\"> [\u2026]<\/span><\/p>\n","protected":false},"author":1,"featured_media":0,"parent":812,"menu_order":0,"comment_status":"closed","ping_status":"closed","template":"","meta":{"footnotes":""},"acf":[],"_links":{"self":[{"href":"https:\/\/www.inpulse.tech\/es\/wp-json\/wp\/v2\/pages\/926"}],"collection":[{"href":"https:\/\/www.inpulse.tech\/es\/wp-json\/wp\/v2\/pages"}],"about":[{"href":"https:\/\/www.inpulse.tech\/es\/wp-json\/wp\/v2\/types\/page"}],"author":[{"embeddable":true,"href":"https:\/\/www.inpulse.tech\/es\/wp-json\/wp\/v2\/users\/1"}],"replies":[{"embeddable":true,"href":"https:\/\/www.inpulse.tech\/es\/wp-json\/wp\/v2\/comments?post=926"}],"version-history":[{"count":1,"href":"https:\/\/www.inpulse.tech\/es\/wp-json\/wp\/v2\/pages\/926\/revisions"}],"predecessor-version":[{"id":927,"href":"https:\/\/www.inpulse.tech\/es\/wp-json\/wp\/v2\/pages\/926\/revisions\/927"}],"up":[{"embeddable":true,"href":"https:\/\/www.inpulse.tech\/es\/wp-json\/wp\/v2\/pages\/812"}],"wp:attachment":[{"href":"https:\/\/www.inpulse.tech\/es\/wp-json\/wp\/v2\/media?parent=926"}],"curies":[{"name":"wp","href":"https:\/\/api.w.org\/{rel}","templated":true}]}}