{"id":928,"date":"2017-09-14T11:43:43","date_gmt":"2017-09-14T09:43:43","guid":{"rendered":"http:\/\/www.inpulse.tech\/?page_id=928\/"},"modified":"2018-11-05T17:22:45","modified_gmt":"2018-11-05T16:22:45","slug":"instation-solo-1-0","status":"publish","type":"page","link":"https:\/\/www.inpulse.tech\/es\/sistemas-seguimiento-campo\/instation\/instation-solo-1-0\/","title":{"rendered":"InStation Solo 1.0"},"content":{"rendered":"<section class=\"wpb-content-wrapper\"><p>[vc_row][vc_column width=\u00bb1\/2&#8243;][vc_single_image image=\u00bb1232&#8243; img_size=\u00bbfull\u00bb css=\u00bb.vc_custom_1541434881402{margin-bottom: 0px !important;padding-bottom: 0px !important;}\u00bb][\/vc_column][vc_column width=\u00bb1\/2&#8243;][vc_column_text]<strong>La soluci\u00f3n independiente, simple y eficaz.<\/strong><br \/>\nEl sistema de monitoreo independiente para la recogida y el env\u00edo de los datos desde el campo a la plataforma InField.<br \/>\nIncluye una centralita completamente aut\u00f3noma que lee los datos procedentes de los sensores cableados.<\/p>\n<p>El modem Gsm integrado env\u00eda los datos a la nube, haci\u00e9ndolos accesibles desde la plataforma.<br \/>\nSuministrable con bater\u00eda alcalina de larga duraci\u00f3n.<\/p>\n<p>Dotado de GPS para la autolocalizaci\u00f3n y de m\u00f3dulo Bluetooth para la conexi\u00f3n local con smartphone y tablet.<br \/>\nEs una soluci\u00f3n modular a la cual es posible aplicar diversas tipolog\u00edas de sensores.<br \/>\nInStation Solo 1.0 incluye 1 a\u00f1o de suscripci\u00f3n gratuita al portal clientes InField.[\/vc_column_text][vc_btn title=\u00bbSOLICITA M\u00c1S INFORMACI\u00d3N\u00bb style=\u00bboutline\u00bb color=\u00bbsuccess\u00bb link=\u00bburl:mailto%3Ainfo%40inpulse.tech|||\u00bb][vc_btn title=\u00bbCOMPRA\u00bb style=\u00bbflat\u00bb color=\u00bbsuccess\u00bb link=\u00bburl:http%3A%2F%2Fwww.agristore.it%2FgroupDetails.php%3FidGroup%3D16595|||\u00bb][\/vc_column][\/vc_row][vc_row][vc_column][vc_row_inner css=\u00bb.vc_custom_1501054692246{margin-bottom: 0px !important;}\u00bb][vc_column_inner width=\u00bb1\/2&#8243;][vc_empty_space height=\u00bb30px\u00bb][vc_column_text]La estaci\u00f3n de adquisici\u00f3n est\u00e1 dotada de:<br \/>\n<span style=\"font-size: 18px;\"><strong><a href=\"http:\/\/www.inpulse.tech\/es\/prodotto\/instation-solo-1-0\/\">92000\u00a0InStation Solo 1.0<\/a><\/strong><\/span><br \/>\nCentralita aut\u00f3noma que lee todos los datos procedentes de los sensores cableados, dotada de caja de derivaci\u00f3n, cableado para la conexi\u00f3n de la Box y de la caja de derivaci\u00f3n.<br \/>\nIncluye 1 a\u00f1o de suscripci\u00f3n para servicios INFIELD.<\/p>\n<p><span style=\"font-size: 18px;\"><strong><a href=\"http:\/\/www.inpulse.tech\/prodotto\/battery-box\/\">92002 Battery Box<\/a><\/strong><\/span><br \/>\nBater\u00eda de larga duraci\u00f3n (+ de 1 a\u00f1o) y cableado para la conexi\u00f3n a la caja de derivaci\u00f3n.<\/p>\n<p><span style=\"font-size: 18px;\"><strong><a href=\"http:\/\/www.inpulse.tech\/prodotto\/inpulse-pole\/\">92005 Pole<\/a><\/strong><\/span><br \/>\n3 palos de aluminio de 1 metro a ensamblar para el soporte de sensores, Battery Box y box InStation Solo.[\/vc_column_text][\/vc_column_inner][vc_column_inner width=\u00bb1\/2&#8243;][vc_single_image image=\u00bb1231&#8243; img_size=\u00bbfull\u00bb alignment=\u00bbcenter\u00bb css=\u00bb.vc_custom_1541434895058{margin-bottom: 0px !important;}\u00bb][\/vc_column_inner][\/vc_row_inner][vc_row_inner css=\u00bb.vc_custom_1501054914332{margin-bottom: 0px !important;}\u00bb][vc_column_inner width=\u00bb1\/2&#8243;][vc_column_text css=\u00bb.vc_custom_1505381030650{margin-bottom: 0px !important;}\u00bb]<span style=\"font-size: 18px;\"><strong><a href=\"http:\/\/www.inpulse.tech\/prodotto\/kit-3-agri-sensors\/\">92008 Kit 3 Sensores Agri<\/a><\/strong><\/span><br \/>\nEl kit incluye tres tipolog\u00edas de sensores:<\/p>\n<ul>\n<li><a style=\"text-decoration: underline;\" href=\"http:\/\/www.inpulse.tech\/es\/prodotto\/sensor-humedad-del-suelo\/\"><strong>Sensores humedad suelo<\/strong><\/a><br \/>\nTres sensores patentados WATERMARK\u00ae para medir la tensi\u00f3n h\u00eddrica del suelo a tres diversos niveles.<\/li>\n<li><a style=\"text-decoration: underline;\" href=\"http:\/\/www.inpulse.tech\/es\/prodotto\/sensor-temperatura-suelo\/\"><strong>Sensor temperatura suelo<\/strong><\/a><br \/>\nSensor de temperatura con sonda de acero inoxidable para la medici\u00f3n de la temperatura del terreno.<\/li>\n<li><a style=\"text-decoration: underline;\" href=\"http:\/\/www.inpulse.tech\/prodotto\/sensore-bagnatura-fogliare\/\"><strong>Sensor mojadura foliar<\/strong><\/a><br \/>\nDetecta la presencia de humedad en la superficie de la hoja.<\/li>\n<\/ul>\n<p>[\/vc_column_text][\/vc_column_inner][vc_column_inner width=\u00bb1\/2&#8243;][vc_column_text css=\u00bb.vc_custom_1505381859037{margin-bottom: 0px !important;}\u00bb]<span style=\"font-size: 18px;\"><strong><a href=\"http:\/\/www.inpulse.tech\/prodotto\/kit-4-meteo-sensors\/\">92009 Kit 4 Sensores Meteo<\/a> <\/strong><\/span><br \/>\nEl kit incluye tres tipolog\u00edas de sensores:<\/p>\n<ul>\n<li><strong><a style=\"text-decoration: underline;\" href=\"http:\/\/www.inpulse.tech\/es\/prodotto\/pluviometro\/\">Pluvi\u00f3metro<\/a><\/strong><br \/>\nMide el nivel de las precipitaciones con la m\u00e1xima precisi\u00f3n posible. Dise\u00f1ado en conformidad con las l\u00edneas gu\u00eda del WMO.<\/li>\n<li><strong><a style=\"text-decoration: underline;\" href=\"http:\/\/www.inpulse.tech\/es\/prodotto\/anemometro\/\">Anem\u00f3metro<\/a><\/strong><br \/>\nSensor para medir la velocidad y direcci\u00f3n del viento.<\/li>\n<li><strong><a style=\"text-decoration: underline;\" href=\"http:\/\/www.inpulse.tech\/es\/prodotto\/sensor-temperatura-humedad-aire\/\">Sensor temperatura y humedad del aire<\/a> <\/strong><br \/>\nSensor temperatura\/humedad de alta precisi\u00f3n. Mide la humedad relativa y la temperatura del aire.<\/li>\n<li><strong><a style=\"text-decoration: underline;\" href=\"http:\/\/www.inpulse.tech\/es\/prodotto\/sensor-radiacion-solar\/\">Radiaci\u00f3n Solar<\/a> <\/strong><br \/>\nSensor para la medici\u00f3n de la radiaci\u00f3n solar global y de la energ\u00eda solar.<\/li>\n<\/ul>\n<p>[\/vc_column_text][\/vc_column_inner][\/vc_row_inner][vc_column_text]<strong>NOTAS:<\/strong><br \/>\n&#8211; El sistema no necesita red el\u00e9ctrica<br \/>\n&#8211; Alimentaci\u00f3n: bater\u00eda alcalina de larga duraci\u00f3n<br \/>\n&#8211; Geolocalizable<br \/>\n&#8211; Incluye suscripci\u00f3n de 1 a\u00f1o a los servicios InField, Suscripci\u00f3n BASIC<br \/>\n&#8211; Posibilidad de servicios adicionales con las suscripciones Smart y Personal: adem\u00e1s de la recogida de los simples datos agron\u00f3micos, el usuario recibe <em>consejos sobre irrigaci\u00f3n y pulverizaci\u00f3n para la prevenci\u00f3n y la gesti\u00f3n de la propiedad, elaborados por el algoritmo, y un asesoramiento personalizado y especializado por parte de un grupo de agr\u00f3nomos de amplia experiencia, para garantizar los mejores resultados agron\u00f3micos y responder a las exigencias m\u00e1s complejas.<\/em><br \/>\n&#8211; <em>Mediante nuestro software InField es posible acceder a todas las informaciones por Internet de forma sencilla e intuitiva tambi\u00e9n a trav\u00e9s de cualquier dispositivo m\u00f3vil.<\/em><\/p>\n<p><em>Es posible disponer de un servicio de SMS para recibir avisos y alarmas en el m\u00f3vil o v\u00eda e-mail.<\/em>[\/vc_column_text][\/vc_column][\/vc_row]<\/p>\n<\/section>","protected":false},"excerpt":{"rendered":"<p>[vc_row][vc_column width=\u00bb1\/2&#8243;][vc_single_image image=\u00bb1232&#8243; img_size=\u00bbfull\u00bb css=\u00bb.vc_custom_1541434881402{margin-bottom: 0px !important;padding-bottom: 0px !important;}\u00bb][\/vc_column][vc_column width=\u00bb1\/2&#8243;][vc_column_text]La soluci\u00f3n independiente, simple y eficaz. El sistema de monitoreo independiente para la recogida y el env\u00edo<span class=\"excerpt-hellip\"> [\u2026]<\/span><\/p>\n","protected":false},"author":1,"featured_media":0,"parent":810,"menu_order":0,"comment_status":"closed","ping_status":"closed","template":"","meta":{"footnotes":""},"acf":[],"_links":{"self":[{"href":"https:\/\/www.inpulse.tech\/es\/wp-json\/wp\/v2\/pages\/928"}],"collection":[{"href":"https:\/\/www.inpulse.tech\/es\/wp-json\/wp\/v2\/pages"}],"about":[{"href":"https:\/\/www.inpulse.tech\/es\/wp-json\/wp\/v2\/types\/page"}],"author":[{"embeddable":true,"href":"https:\/\/www.inpulse.tech\/es\/wp-json\/wp\/v2\/users\/1"}],"replies":[{"embeddable":true,"href":"https:\/\/www.inpulse.tech\/es\/wp-json\/wp\/v2\/comments?post=928"}],"version-history":[{"count":3,"href":"https:\/\/www.inpulse.tech\/es\/wp-json\/wp\/v2\/pages\/928\/revisions"}],"predecessor-version":[{"id":1280,"href":"https:\/\/www.inpulse.tech\/es\/wp-json\/wp\/v2\/pages\/928\/revisions\/1280"}],"up":[{"embeddable":true,"href":"https:\/\/www.inpulse.tech\/es\/wp-json\/wp\/v2\/pages\/810"}],"wp:attachment":[{"href":"https:\/\/www.inpulse.tech\/es\/wp-json\/wp\/v2\/media?parent=928"}],"curies":[{"name":"wp","href":"https:\/\/api.w.org\/{rel}","templated":true}]}}